{"id":9048,"date":"2024-03-04T08:41:33","date_gmt":"2024-03-04T07:41:33","guid":{"rendered":"https:\/\/clinicavilaparc.es\/informacion-sobre-el-tratamiento-de-datos-personales\/"},"modified":"2024-12-04T09:36:33","modified_gmt":"2024-12-04T08:36:33","slug":"informacion-sobre-el-tratamiento-de-datos-personales","status":"publish","type":"page","link":"https:\/\/clinicavilaparc.es\/de\/informationen-zur-verarbeitung-personenbezogener-daten\/","title":{"rendered":"Informationen zur Verarbeitung personenbezogener Daten"},"content":{"rendered":"\t\t<div data-elementor-type=\"wp-page\" data-elementor-id=\"9048\" class=\"elementor elementor-9048 elementor-3761\" data-elementor-post-type=\"page\">\n\t\t\t\t\t\t<section class=\"elementor-section elementor-top-section elementor-element elementor-element-eefbb11 elementor-section-boxed elementor-section-height-default elementor-section-height-default\" data-id=\"eefbb11\" data-element_type=\"section\" data-e-type=\"section\" data-settings=\"{&quot;background_background&quot;:&quot;classic&quot;}\">\n\t\t\t\t\t\t\t<div class=\"elementor-background-overlay\"><\/div>\n\t\t\t\t\t\t\t<div class=\"elementor-container elementor-column-gap-default\">\n\t\t\t\t\t<div class=\"elementor-column elementor-col-100 elementor-top-column elementor-element elementor-element-db7bc2d\" data-id=\"db7bc2d\" data-element_type=\"column\" data-e-type=\"column\">\n\t\t\t<div class=\"elementor-widget-wrap elementor-element-populated\">\n\t\t\t\t\t\t<div class=\"elementor-element elementor-element-a59cad2 elementor-widget elementor-widget-heading\" data-id=\"a59cad2\" data-element_type=\"widget\" data-e-type=\"widget\" data-widget_type=\"heading.default\">\n\t\t\t\t<div class=\"elementor-widget-container\">\n\t\t\t\t\t<h1 class=\"elementor-heading-title elementor-size-xxl\">Informationen zur Verarbeitung personenbezogener Daten<\/h1>\t\t\t\t<\/div>\n\t\t\t\t<\/div>\n\t\t\t\t<div class=\"elementor-element elementor-element-1fb30ec elementor-widget-divider--view-line elementor-invisible elementor-widget elementor-widget-divider\" data-id=\"1fb30ec\" data-element_type=\"widget\" data-e-type=\"widget\" data-settings=\"{&quot;_animation&quot;:&quot;bounceInUp&quot;}\" data-widget_type=\"divider.default\">\n\t\t\t\t<div class=\"elementor-widget-container\">\n\t\t\t\t\t\t\t<div class=\"elementor-divider\">\n\t\t\t<span class=\"elementor-divider-separator\">\n\t\t\t\t\t\t<\/span>\n\t\t<\/div>\n\t\t\t\t\t\t<\/div>\n\t\t\t\t<\/div>\n\t\t\t\t\t<\/div>\n\t\t<\/div>\n\t\t\t\t\t<\/div>\n\t\t<\/section>\n\t\t\t\t<section class=\"elementor-section elementor-top-section elementor-element elementor-element-79294a6 elementor-section-boxed elementor-section-height-default elementor-section-height-default\" data-id=\"79294a6\" data-element_type=\"section\" data-e-type=\"section\">\n\t\t\t\t\t\t<div class=\"elementor-container elementor-column-gap-default\">\n\t\t\t\t\t<div class=\"elementor-column elementor-col-100 elementor-top-column elementor-element elementor-element-a35b0fa\" data-id=\"a35b0fa\" data-element_type=\"column\" data-e-type=\"column\">\n\t\t\t<div class=\"elementor-widget-wrap elementor-element-populated\">\n\t\t\t\t\t\t<div class=\"elementor-element elementor-element-cc1b962 elementor-widget elementor-widget-text-editor\" data-id=\"cc1b962\" data-element_type=\"widget\" data-e-type=\"widget\" data-widget_type=\"text-editor.default\">\n\t\t\t\t<div class=\"elementor-widget-container\">\n\t\t\t\t\t\t\t\t\t<p>CLINICA VILAPARC, S.L.U. ist f\u00fcr die Verarbeitung der personenbezogenen Daten des Nutzers verantwortlich und informiert Sie dar\u00fcber, dass diese Daten gem\u00e4\u00df den Bestimmungen der Verordnung (EU) 2016\/679 vom 27. April (DSGVO) und des Organgesetzes 3\/2018 vom 5. Dezember verarbeitet werden (LOPDGDD), f\u00fcr das die folgenden Behandlungsinformationen bereitgestellt werden:<\/p>\n<p>PATIENTEN DES GESUNDHEITSZENTRUMS: Verwaltung der Gesundheitsversorgung der Patienten<\/p>\n<p>Zwecke der Behandlung: Anamnese, Gesundheitsmanagement und -kontrolle, sonstige Zwecke: Bereitstellung von Gesundheitsf\u00fcrsorge einschlie\u00dflich der Verwaltung von Gesundheitsdiensten und Verwaltung des Zentrums, die damit verbunden sind: Pflege der Anamnese, Termine, Ausstellung von Quittungen, Bearbeitung von R\u00fcckfragen, Betreuung zu Vorf\u00e4llen, Meinungsumfragen usw.<\/p>\n<p>Legitimation der Behandlung: f\u00fcr die Durchf\u00fchrung eines Vertrags oder Vorvertrags mit dem Interessenten (Artikel 6.1.b DSGVO), soweit dies f\u00fcr Zwecke der Vorsorgemedizin, der medizinischen Diagnose, der Bereitstellung von Gesundheitshilfe oder -behandlung sowie erforderlich ist die Verwaltung der Systeme und Gesundheitsdienste (Artikel 9.2.h DSGVO)<\/p>\n<p>Ausnahme f\u00fcr besondere Datenkategorien: F\u00fcr Zwecke der Pr\u00e4ventiv- oder Arbeitsmedizin, der medizinischen Diagnose, der Bereitstellung von Gesundheits- oder Sozialf\u00fcrsorge oder der Verwaltung ihrer Systeme und Dienste, auf der Grundlage eines Gesetzes oder im Rahmen eines Vertrags mit einer medizinischen Fachkraft (Artikel 9.2.h DSGVO)<\/p>\n<p>Kriterien f\u00fcr die Datenaufbewahrung: werden so lange aufbewahrt, wie gesetzliche Anforderungen eine Aufbewahrung vorschreiben<\/p>\n<p>Datenkommunikation: Wenn es f\u00fcr die Entwicklung und Durchf\u00fchrung der Verarbeitungszwecke erforderlich ist, k\u00f6nnen wir die Daten an unsere Kommunikations- und Computerdienstleister weitergeben, mit denen der VERANTWORTLICHE Vertraulichkeits- und Datenverarbeitungsvertr\u00e4ge gem\u00e4\u00df den geltenden Datenschutzbestimmungen unterzeichnet hat. Die Daten werden mit Zustimmung des Nutzers zu denselben Zwecken auch an andere Unternehmen der Policl\u00ednica-Gruppe (Policl\u00ednica Ntra. Sra. del Rosario, S.L.U., Cl\u00ednica Vilaparc, S.L.U., Eiviconsulta, S.L.U. und Cl\u00ednica Premium Ibiza, S.L.U.) weitergegeben.<\/p>\n<p>Datenquelle: der Interessent selbst oder sein gesetzlicher Vertreter, Privatperson.<\/p>\n<p>Datenkategorien:<\/p>\n<p>Identifikationsdaten: Dni\/NIF\/NIE\/Reisepass, Vor- und Nachname, Post- oder E-Mail-Adresse, Bild, Nummer. der SS. oder Gegenseitigkeitsversicherung, Gesundheitskarte, physische Marken<br \/>\nSonderkategorien: Gesundheit<br \/>\nWeitere klassifizierte Daten: Pers\u00f6nliche Merkmale (Pers\u00f6nlichkeit oder Verhalten), pers\u00f6nliche Merkmale<\/p>\n<p>RADIOLOGISCHE ANAMNESE: Digitalisierung von Patientenr\u00f6ntgenbildern f\u00fcr Diagnose und Behandlung<\/p>\n<p>Behandlungszwecke: Anamnese, Management und Gesundheitskontrolle<\/p>\n<p>Legitimation der Behandlung: f\u00fcr die Durchf\u00fchrung eines Vertrags oder Vorvertrags mit dem Interessenten (Artikel 6.1.b DSGVO), soweit dies f\u00fcr Zwecke der Vorsorgemedizin, der medizinischen Diagnose, der Bereitstellung von Gesundheitshilfe oder -behandlung sowie erforderlich ist die Verwaltung der Systeme und Gesundheitsdienstleistungen (Artikel 9.2.h DSGVO)<\/p>\n<p>Ausnahme f\u00fcr besondere Datenkategorien: F\u00fcr Zwecke der Pr\u00e4ventiv- oder Arbeitsmedizin, der medizinischen Diagnose, der Bereitstellung von Gesundheits- oder Sozialf\u00fcrsorge oder der Verwaltung ihrer Systeme und Dienste, auf der Grundlage eines Gesetzes oder im Rahmen eines Vertrags mit einer medizinischen Fachkraft (Artikel 9.2.h DSGVO)<\/p>\n<p>Kriterien f\u00fcr die Datenaufbewahrung: Sie werden nicht l\u00e4nger aufbewahrt, als es zur Aufrechterhaltung des Zwecks der Behandlung erforderlich ist oder solange gesetzliche Anforderungen bestehen, die ihre Aufbewahrung vorschreiben.<\/p>\n<p>Datenkommunikation: Wenn es f\u00fcr die Entwicklung und Durchf\u00fchrung der Verarbeitungszwecke erforderlich ist, k\u00f6nnen wir die Daten an unsere Kommunikations- und Computerdienstleister weitergeben, mit denen der VERANTWORTLICHE Vertraulichkeits- und Datenverarbeitungsvertr\u00e4ge gem\u00e4\u00df den geltenden Datenschutzbestimmungen unterzeichnet hat. Die Daten werden mit Zustimmung des Nutzers zu denselben Zwecken auch an andere Unternehmen der Policl\u00ednica-Gruppe (Policl\u00ednica Ntra. Sra. del Rosario, S.L.U., Cl\u00ednica Vilaparc, S.L.U., Eiviconsulta, S.L.U. und Cl\u00ednica Premium Ibiza, S.L.U.) weitergegeben.<\/p>\n<p>Datenquelle: der Interessent oder sein gesetzlicher Vertreter, private Einrichtung<\/p>\n<p>Datenkategorien:<\/p>\n<p>Identifikationsdaten: Bild<br \/>\nSonderkategorien: Gesundheit<br \/>\nWeitere vertrauliche Daten: Pers\u00f6nliche Merkmale<\/p>\n<p>MEDIZINISCHE KONTROLLEN: Verwaltung \u00e4rztlicher Untersuchungen<\/p>\n<p>Behandlungszwecke: Anamnese, Management und Gesundheitskontrolle<\/p>\n<p>Legitimation der Verarbeitung: DSGVO Art.:<br \/>\n6.1. b) Die Verarbeitung ist f\u00fcr die Durchf\u00fchrung eines Vertrags, dessen Vertragspartei der Interessent ist, oder f\u00fcr die Durchf\u00fchrung vorvertraglicher Ma\u00dfnahmen auf Wunsch des Interessenten erforderlich.<br \/>\n9.2.h) Behandlungen, die zum Zweck der Vorsorge, medizinischen Diagnose, Hilfeleistung oder Behandlung erforderlich sind\u00a0Gesundheitsversorgung sowie die Verwaltung von Gesundheitssystemen und -diensten.<\/p>\n<p>Ausnahme f\u00fcr besondere Datenkategorien: F\u00fcr Zwecke der Pr\u00e4ventiv- oder Arbeitsmedizin, der medizinischen Diagnose, der Bereitstellung von Gesundheits- oder Sozialf\u00fcrsorge oder der Verwaltung ihrer Systeme und Dienste, auf der Grundlage eines Gesetzes oder im Rahmen eines Vertrags mit einer medizinischen Fachkraft (Artikel 9.2.h DSGVO)<\/p>\n<p>Kriterien f\u00fcr die Datenaufbewahrung: werden so lange aufbewahrt, wie gesetzliche Anforderungen eine Aufbewahrung vorschreiben<\/p>\n<p>Datenkommunikation: Wenn es f\u00fcr die Entwicklung und Durchf\u00fchrung der Verarbeitungszwecke erforderlich ist, k\u00f6nnen wir die Daten an unsere Kommunikations- und Computerdienstleister weitergeben, mit denen der VERANTWORTLICHE Vertraulichkeits- und Datenverarbeitungsvertr\u00e4ge gem\u00e4\u00df den geltenden Datenschutzbestimmungen unterzeichnet hat. Die Daten werden mit Zustimmung des Nutzers zu denselben Zwecken auch an andere Unternehmen der Policl\u00ednica-Gruppe (Policl\u00ednica Ntra. Sra. del Rosario, S.L.U., Cl\u00ednica Vilaparc, S.L.U., Eiviconsulta, S.L.U. und Cl\u00ednica Premium Ibiza, S.L.U.) weitergegeben.<\/p>\n<p>PSYCHOTECHNISCHE TESTS F\u00dcHRERSCHEIN: Verwaltung der personenbezogenen Daten des Interessenten zur Bearbeitung und Verwaltung seiner Registrierung und Durchf\u00fchrung der f\u00fcr den Erwerb des F\u00fchrerscheins erforderlichen psychotechnischen Tests und deren anschlie\u00dfende Bewertung<\/p>\n<p>Behandlungszwecke: Gesundheitsmanagement und -kontrolle<\/p>\n<p>Legitimation der Behandlung: zur Durchf\u00fchrung eines Vertrags oder Vorvertrags mit dem Interessenten (Artikel 6.1.b DSGVO) zu Zwecken der medizinischen Diagnose, in diesem Fall der Beurteilung der Leistungsf\u00e4higkeit des Bewerbers (9.2.h DSGVO).<\/p>\n<p>Ausnahme f\u00fcr besondere Datenkategorien: F\u00fcr Zwecke der Pr\u00e4ventiv- oder Arbeitsmedizin, der medizinischen Diagnose, der Bereitstellung von Gesundheits- oder Sozialf\u00fcrsorge oder der Verwaltung ihrer Systeme und Dienste, auf der Grundlage eines Gesetzes oder im Rahmen eines Vertrags mit einer medizinischen Fachkraft (Artikel 9.2.h DSGVO)<\/p>\n<p>Kriterien f\u00fcr die Datenaufbewahrung: Sie werden nicht l\u00e4nger aufbewahrt, als es zur Aufrechterhaltung des Zwecks der Behandlung erforderlich ist oder solange gesetzliche Anforderungen bestehen, die ihre Aufbewahrung vorschreiben.<\/p>\n<p>Weitergabe von Daten: Es wird berichtet, dass die Daten an Versicherungs- und Gesundheitseinrichtungen weitergegeben werden k\u00f6nnen<\/p>\n<p>KLINISCHE GESCHICHTE: Gesundheitsdatenmanagement und -verwaltung<\/p>\n<p>Behandlungszwecke: epidemiologische Forschung und \u00e4hnliche Aktivit\u00e4ten, klinische Anamnese, Gesundheitsmanagement und -kontrolle<\/p>\n<p>Legitimation der Verarbeitung: zur Durchf\u00fchrung eines Vertrags oder Vorvertrags mit dem Interessenten (Art. 6 Abs. 1 lit. b DSGVO)<\/p>\n<p>Ausnahme f\u00fcr besondere Datenkategorien: F\u00fcr Zwecke der Pr\u00e4ventiv- oder Arbeitsmedizin, der medizinischen Diagnose, der Bereitstellung von Gesundheits- oder Sozialf\u00fcrsorge oder der Verwaltung ihrer Systeme und Dienste, auf der Grundlage eines Gesetzes oder im Rahmen eines Vertrags mit einer medizinischen Fachkraft (Artikel 9.2.h DSGVO)<\/p>\n<p>Kriterien f\u00fcr die Datenaufbewahrung: nicht l\u00e4nger als zur Erreichung des Zwecks erforderlich aufbewahrt, nicht l\u00e4nger als zur Aufrechterhaltung des Zwecks der Verarbeitung erforderlich oder solange gesetzliche Anforderungen die Aufbewahrung vorschreiben.<\/p>\n<p>Datenkommunikation: Wenn es f\u00fcr die Entwicklung und Durchf\u00fchrung der Verarbeitungszwecke erforderlich ist, k\u00f6nnen wir die Daten an unsere Kommunikations- und Computerdienstleister weitergeben, mit denen der VERANTWORTLICHE Vertraulichkeits- und Datenverarbeitungsvertr\u00e4ge gem\u00e4\u00df den geltenden Datenschutzbestimmungen unterzeichnet hat. Die Daten werden mit Zustimmung des Nutzers zu denselben Zwecken auch an andere Unternehmen der Policl\u00ednica-Gruppe (Policl\u00ednica Ntra. Sra. del Rosario, S.L.U., Cl\u00ednica Vilaparc, S.L.U., Eiviconsulta, S.L.U. und Cl\u00ednica Premium Ibiza, S.L.U.) weitergegeben.<\/p>\n<p>PSYCHOLOGISCHE GESCHICHTE: Verwaltung und Verwaltung psychologischer Daten<\/p>\n<p>Behandlungszwecke: epidemiologische Forschung und \u00e4hnliche Aktivit\u00e4ten, klinische Anamnese, Gesundheitsmanagement und -kontrolle<\/p>\n<p>Legitimation der Verarbeitung: zur Durchf\u00fchrung eines Vertrags oder Vorvertrags mit dem Interessenten (Art. 6 Abs. 1 lit. b DSGVO)<\/p>\n<p>Ausnahme f\u00fcr besondere Datenkategorien: F\u00fcr Zwecke der Pr\u00e4ventiv- oder Arbeitsmedizin, der medizinischen Diagnose, der Bereitstellung von Gesundheits- oder Sozialf\u00fcrsorge oder der Verwaltung ihrer Systeme und Dienste, auf der Grundlage eines Gesetzes oder im Rahmen eines Vertrags mit einer medizinischen Fachkraft (Artikel 9.2.h DSGVO)<\/p>\n<p>Kriterien f\u00fcr die Datenaufbewahrung: nicht l\u00e4nger als zur Erreichung des Zwecks erforderlich aufbewahrt, nicht l\u00e4nger als zur Aufrechterhaltung des Zwecks der Verarbeitung erforderlich oder solange gesetzliche Anforderungen die Aufbewahrung vorschreiben.<\/p>\n<p>Weitergabe von Daten: Sie werden dar\u00fcber informiert, dass die Daten nicht an Dritte weitergegeben werden, es sei denn, es besteht eine gesetzliche Verpflichtung<\/p>\n<p>KONTAKTE (GESUNDHEIT): Kommunikation, Information und Management \u00fcber Produkte und Dienstleistungen. umfasst Webkontakte und soziale Netzwerke mit sensiblen Informationen (Gesundheitsdaten)<\/p>\n<p>Zwecke der Verarbeitung: Werbung und kommerzielle Prospektion<\/p>\n<p>Legitimation der Verarbeitung: ausdr\u00fcckliche Einwilligung f\u00fcr bestimmte Zwecke (Art. 6 Abs. 1 lit. a DSGVO)<\/p>\n<p>Ausnahme f\u00fcr besondere Datenkategorien: F\u00fcr Zwecke der Pr\u00e4ventiv- oder Arbeitsmedizin, der medizinischen Diagnose, der Bereitstellung von Gesundheits- oder Sozialf\u00fcrsorge oder der Verwaltung ihrer Systeme und Dienste, auf der Grundlage eines Gesetzes oder im Rahmen eines Vertrags mit einer medizinischen Fachkraft (Artikel 9.2.h DSGVO)<\/p>\n<p>Kriterien f\u00fcr die Datenaufbewahrung: Sie werden nicht l\u00e4nger aufbewahrt, als es zur Aufrechterhaltung des Zwecks der Behandlung erforderlich ist oder solange gesetzliche Anforderungen bestehen, die ihre Aufbewahrung vorschreiben.<\/p>\n<p>Datenkommunikation: Wenn es f\u00fcr die Entwicklung und Durchf\u00fchrung der Verarbeitungszwecke erforderlich ist, k\u00f6nnen wir die Daten an unsere Kommunikations- und Computerdienstleister weitergeben, mit denen der VERANTWORTLICHE Vertraulichkeits- und Datenverarbeitungsvertr\u00e4ge gem\u00e4\u00df den geltenden Datenschutzbestimmungen unterzeichnet hat. Die Daten werden mit Zustimmung des Nutzers zu denselben Zwecken auch an andere Unternehmen der Policl\u00ednica-Gruppe (Policl\u00ednica Ntra. Sra. del Rosario, S.L.U., Cl\u00ednica Vilaparc, S.L.U., Eiviconsulta, S.L.U. und Cl\u00ednica Premium Ibiza, S.L.U.) weitergegeben.<\/p>\n<p>RECHTE UND KONTAKTDATEN<\/p>\n<p>Rechte, die den Interessenten unterst\u00fctzen:<\/p>\n<p>Das Recht, die Einwilligung jederzeit zu widerrufen, wenn die Behandlung auf der Einwilligung des Betroffenen beruht.<br \/>\nRecht auf Zugang, Berichtigung, \u00dcbertragbarkeit und L\u00f6schung Ihrer Daten sowie Einschr\u00e4nkung oder Widerspruch gegen deren Verarbeitung.<br \/>\nDas Recht, eine Beschwerde bei der Kontrollbeh\u00f6rde (www.aepd.es) einzureichen, wenn Sie der Meinung sind, dass die Behandlung nicht den geltenden Vorschriften entspricht.<\/p>\n<p>Kontaktinformationen zur Aus\u00fcbung Ihrer Rechte:<\/p>\n<p>CLINICA VILAPARC, S.L.U.. Carrer de Corona, 1 &#8211; 07800 Eivissa (Balearen). Kontaktinformationen des Datenschutzbeauftragten: dpo@tecnolawyer.com<\/p>\n\t\t\t\t\t\t\t\t<\/div>\n\t\t\t\t<\/div>\n\t\t\t\t\t<\/div>\n\t\t<\/div>\n\t\t\t\t\t<\/div>\n\t\t<\/section>\n\t\t\t\t<\/div>\n\t\t","protected":false},"excerpt":{"rendered":"<p>CLINICA VILAPARC, S.L.U. ist f\u00fcr die Verarbeitung der personenbezogenen Daten des Nutzers verantwortlich und informiert Sie dar\u00fcber, dass diese Daten gem\u00e4\u00df den Bestimmungen der Verordnung (EU) 2016\/679 vom 27. April (DSGVO) und des Organgesetzes 3\/2018 vom 5. Dezember verarbeitet werden (LOPDGDD), f\u00fcr das die folgenden Behandlungsinformationen bereitgestellt werden: PATIENTEN DES GESUNDHEITSZENTRUMS: Verwaltung der Gesundheitsversorgung der [&hellip;]<\/p>\n","protected":false},"author":1,"featured_media":0,"parent":0,"menu_order":0,"comment_status":"closed","ping_status":"closed","template":"","meta":{"site-sidebar-layout":"no-sidebar","site-content-layout":"page-builder","ast-site-content-layout":"full-width-container","site-content-style":"default","site-sidebar-style":"default","ast-global-header-display":"","ast-banner-title-visibility":"","ast-main-header-display":"","ast-hfb-above-header-display":"","ast-hfb-below-header-display":"","ast-hfb-mobile-header-display":"","site-post-title":"disabled","ast-breadcrumbs-content":"","ast-featured-img":"disabled","footer-sml-layout":"","ast-disable-related-posts":"","theme-transparent-header-meta":"","adv-header-id-meta":"","stick-header-meta":"","header-above-stick-meta":"","header-main-stick-meta":"","header-below-stick-meta":"","astra-migrate-meta-layouts":"default","ast-page-background-enabled":"default","ast-page-background-meta":{"desktop":{"background-color":"var(--ast-global-color-4)","background-image":"","background-repeat":"repeat","background-position":"center center","background-size":"auto","background-attachment":"scroll","background-type":"","background-media":"","overlay-type":"","overlay-color":"","overlay-opacity":"","overlay-gradient":""},"tablet":{"background-color":"","background-image":"","background-repeat":"repeat","background-position":"center center","background-size":"auto","background-attachment":"scroll","background-type":"","background-media":"","overlay-type":"","overlay-color":"","overlay-opacity":"","overlay-gradient":""},"mobile":{"background-color":"","background-image":"","background-repeat":"repeat","background-position":"center center","background-size":"auto","background-attachment":"scroll","background-type":"","background-media":"","overlay-type":"","overlay-color":"","overlay-opacity":"","overlay-gradient":""}},"ast-content-background-meta":{"desktop":{"background-color":"var(--ast-global-color-5)","background-image":"","background-repeat":"repeat","background-position":"center center","background-size":"auto","background-attachment":"scroll","background-type":"","background-media":"","overlay-type":"","overlay-color":"","overlay-opacity":"","overlay-gradient":""},"tablet":{"background-color":"var(--ast-global-color-5)","background-image":"","background-repeat":"repeat","background-position":"center center","background-size":"auto","background-attachment":"scroll","background-type":"","background-media":"","overlay-type":"","overlay-color":"","overlay-opacity":"","overlay-gradient":""},"mobile":{"background-color":"var(--ast-global-color-5)","background-image":"","background-repeat":"repeat","background-position":"center center","background-size":"auto","background-attachment":"scroll","background-type":"","background-media":"","overlay-type":"","overlay-color":"","overlay-opacity":"","overlay-gradient":""}},"footnotes":""},"class_list":["post-9048","page","type-page","status-publish","hentry"],"_links":{"self":[{"href":"https:\/\/clinicavilaparc.es\/de\/wp-json\/wp\/v2\/pages\/9048","targetHints":{"allow":["GET"]}}],"collection":[{"href":"https:\/\/clinicavilaparc.es\/de\/wp-json\/wp\/v2\/pages"}],"about":[{"href":"https:\/\/clinicavilaparc.es\/de\/wp-json\/wp\/v2\/types\/page"}],"author":[{"embeddable":true,"href":"https:\/\/clinicavilaparc.es\/de\/wp-json\/wp\/v2\/users\/1"}],"replies":[{"embeddable":true,"href":"https:\/\/clinicavilaparc.es\/de\/wp-json\/wp\/v2\/comments?post=9048"}],"version-history":[{"count":0,"href":"https:\/\/clinicavilaparc.es\/de\/wp-json\/wp\/v2\/pages\/9048\/revisions"}],"wp:attachment":[{"href":"https:\/\/clinicavilaparc.es\/de\/wp-json\/wp\/v2\/media?parent=9048"}],"curies":[{"name":"wp","href":"https:\/\/api.w.org\/{rel}","templated":true}]}}