{"id":6763,"date":"2024-10-03T07:45:55","date_gmt":"2024-10-03T05:45:55","guid":{"rendered":"https:\/\/clinicavilaparc.es\/radiologie\/"},"modified":"2024-12-04T10:01:59","modified_gmt":"2024-12-04T09:01:59","slug":"radiologie","status":"publish","type":"page","link":"https:\/\/clinicavilaparc.es\/de\/radiologie\/","title":{"rendered":"Radiologie"},"content":{"rendered":"\t\t<div data-elementor-type=\"wp-page\" data-elementor-id=\"6763\" class=\"elementor elementor-6763 elementor-6722\" data-elementor-post-type=\"page\">\n\t\t\t\t\t\t<section class=\"elementor-section elementor-top-section elementor-element elementor-element-a51b578 elementor-section-boxed elementor-section-height-default elementor-section-height-default\" data-id=\"a51b578\" data-element_type=\"section\" data-e-type=\"section\" data-settings=\"{&quot;background_background&quot;:&quot;classic&quot;}\">\n\t\t\t\t\t\t\t<div class=\"elementor-background-overlay\"><\/div>\n\t\t\t\t\t\t\t<div class=\"elementor-container elementor-column-gap-default\">\n\t\t\t\t\t<div class=\"elementor-column elementor-col-100 elementor-top-column elementor-element elementor-element-3bc6c18\" data-id=\"3bc6c18\" data-element_type=\"column\" data-e-type=\"column\">\n\t\t\t<div class=\"elementor-widget-wrap elementor-element-populated\">\n\t\t\t\t\t\t<div class=\"elementor-element elementor-element-3078915 elementor-widget elementor-widget-heading\" data-id=\"3078915\" data-element_type=\"widget\" data-e-type=\"widget\" data-widget_type=\"heading.default\">\n\t\t\t\t<div class=\"elementor-widget-container\">\n\t\t\t\t\t<h1 class=\"elementor-heading-title elementor-size-xxl\">Radiologie<\/h1>\t\t\t\t<\/div>\n\t\t\t\t<\/div>\n\t\t\t\t<div class=\"elementor-element elementor-element-dcc075a elementor-widget-divider--view-line elementor-invisible elementor-widget elementor-widget-divider\" data-id=\"dcc075a\" data-element_type=\"widget\" data-e-type=\"widget\" data-settings=\"{&quot;_animation&quot;:&quot;bounceInUp&quot;}\" data-widget_type=\"divider.default\">\n\t\t\t\t<div class=\"elementor-widget-container\">\n\t\t\t\t\t\t\t<div class=\"elementor-divider\">\n\t\t\t<span class=\"elementor-divider-separator\">\n\t\t\t\t\t\t<\/span>\n\t\t<\/div>\n\t\t\t\t\t\t<\/div>\n\t\t\t\t<\/div>\n\t\t\t\t\t<\/div>\n\t\t<\/div>\n\t\t\t\t\t<\/div>\n\t\t<\/section>\n\t\t\t\t<section class=\"elementor-section elementor-top-section elementor-element elementor-element-4ca7dc7 elementor-section-boxed elementor-section-height-default elementor-section-height-default\" data-id=\"4ca7dc7\" data-element_type=\"section\" data-e-type=\"section\">\n\t\t\t\t\t\t<div class=\"elementor-container elementor-column-gap-default\">\n\t\t\t\t\t<div class=\"elementor-column elementor-col-100 elementor-top-column elementor-element elementor-element-b47f18a\" data-id=\"b47f18a\" data-element_type=\"column\" data-e-type=\"column\">\n\t\t\t<div class=\"elementor-widget-wrap elementor-element-populated\">\n\t\t\t\t\t\t<div class=\"elementor-element elementor-element-ba299a8 elementor-widget elementor-widget-text-editor\" data-id=\"ba299a8\" data-element_type=\"widget\" data-e-type=\"widget\" data-widget_type=\"text-editor.default\">\n\t\t\t\t<div class=\"elementor-widget-container\">\n\t\t\t\t\t\t\t\t\t<p>Die Radiologieabteilung befindet sich im Zentrum der Vila Parc Sa Colomina (Calle Murcia, 25, Ibiza).<\/p>\n<p>Hier k\u00f6nnen Sie die folgenden diagnostischen Untersuchungen durchf\u00fchren lassen:<\/p>\n<ul>\n<li><strong>Tomosynthese der Brust oder 3D-Mammographie<\/strong>. Diese Untersuchung erm\u00f6glicht eine fr\u00fchzeitige Diagnose von Brustkrebs. Im Gegensatz zur konventionellen Mammographie (2D), bei der ein einziges zweidimensionales Bild der Brust erzeugt wird, werden bei der Tomosynthese mehrere Bilder in d\u00fcnnen \u201eScheiben\u201c der Brust erzeugt, wodurch ein hochaufl\u00f6sendes dreidimensionales (3D) Bild gewonnen werden kann. Die Tomosynthese der Brust verbessert die Erkennung kleiner L\u00e4sionen und ist bei Frauen mit dichtem Brustgewebe genauer. Dieses Diagnoseinstrument kann aufgrund seiner Effizienz die Wahrscheinlichkeit einer erfolgreichen Behandlung erh\u00f6hen.<\/li>\n<li><strong>Das gleiche Ger\u00e4t umfasst die Stereotaxie\/Tomobiopsie<\/strong>, mit der Biopsien oder gef\u00fchrte Verfahren am Brustgewebe mit hoher Genauigkeit durchgef\u00fchrt werden k\u00f6nnen. Sie wird vor allem dann eingesetzt, wenn bei der Mammographie eine verd\u00e4chtige Anomalie festgestellt wurde, die nicht ertastet oder auf anderen Bildern nicht leicht erkannt werden kann. Die Tomobiopsie hat Vorteile wie hohe Genauigkeit, ist weniger invasiv als andere Verfahren und bietet mehr Sicherheit, da das Risiko von Komplikationen minimiert wird.<\/li>\n<li><strong>Die Orthopantomographie<\/strong>, auch Panoramaradiographie oder zahn\u00e4rztliche Panoramaradiographie genannt, ist eine Art der Radiographie, die vor allem in der Zahnmedizin und der Kieferchirurgie eingesetzt wird, um ein vollst\u00e4ndiges Bild der Zahn- und Kieferstrukturen zu erhalten. Mit dieser Technik k\u00f6nnen beide Kiefer (Ober- und Unterkiefer), Z\u00e4hne, Kiefer, Kiefergelenk und Kieferh\u00f6hlen in einem einzigen Bild dargestellt werden.<\/li>\n<li><strong>Knochendichtemessung<\/strong>. Sie ist ein sehr wirksames Instrument zur \u00dcberwachung der Knochengesundheit. Ein diagnostischer Test zur Messung der Knochenmineraldichte (BMD). Sie ist die wichtigste Methode zur Diagnose von Osteoporose und zur Bewertung des Risikos von Knochenbr\u00fcchen. Dieser Test ist vor allem f\u00fcr postmenopausale Frauen, insbesondere \u00fcber 65 Jahre, M\u00e4nner \u00fcber 70 Jahre und Personen mit Risikofaktoren f\u00fcr Osteoporose, wie z. B. famili\u00e4re Vorbelastung, fr\u00fchere Knochenbr\u00fcche, l\u00e4ngere Kortikosteroidbehandlung oder Erkrankungen, die die Knochengesundheit beeintr\u00e4chtigen, angezeigt.<\/li>\n<li><strong>Ferngesteuerte Radiologie<\/strong>. Dieses System bietet Radiologen und \u00c4rzten die M\u00f6glichkeit, die Ger\u00e4te von einem separaten Raum aus zu bedienen, au\u00dferhalb des Bereichs, in dem sie der Strahlung ausgesetzt sind, um ihre Gesundheit zu sch\u00fctzen und gleichzeitig den Patienten und das Verfahren in Echtzeit zu \u00fcberwachen. Diese Technologie wird f\u00fcr Untersuchungen des Verdauungssystems (Speiser\u00f6hre, Magen, Darm&#8230;), der Gyn\u00e4kologie, der Urologie, des Knochengelenks usw. eingesetzt.<\/li>\n<\/ul>\n\t\t\t\t\t\t\t\t<\/div>\n\t\t\t\t<\/div>\n\t\t\t\t\t<\/div>\n\t\t<\/div>\n\t\t\t\t\t<\/div>\n\t\t<\/section>\n\t\t\t\t<section class=\"elementor-section elementor-top-section elementor-element elementor-element-9027e45 elementor-section-boxed elementor-section-height-default elementor-section-height-default\" data-id=\"9027e45\" data-element_type=\"section\" data-e-type=\"section\">\n\t\t\t\t\t\t<div class=\"elementor-container elementor-column-gap-default\">\n\t\t\t\t\t<div class=\"elementor-column elementor-col-100 elementor-top-column elementor-element elementor-element-3d01068\" data-id=\"3d01068\" data-element_type=\"column\" data-e-type=\"column\">\n\t\t\t<div class=\"elementor-widget-wrap elementor-element-populated\">\n\t\t\t\t\t\t<div class=\"elementor-element elementor-element-888ce24 elementor-widget elementor-widget-gallery\" data-id=\"888ce24\" data-element_type=\"widget\" data-e-type=\"widget\" data-settings=\"{&quot;columns&quot;:3,&quot;overlay_title&quot;:&quot;caption&quot;,&quot;lazyload&quot;:&quot;yes&quot;,&quot;gallery_layout&quot;:&quot;grid&quot;,&quot;columns_tablet&quot;:2,&quot;columns_mobile&quot;:1,&quot;gap&quot;:{&quot;unit&quot;:&quot;px&quot;,&quot;size&quot;:10,&quot;sizes&quot;:[]},&quot;gap_tablet&quot;:{&quot;unit&quot;:&quot;px&quot;,&quot;size&quot;:10,&quot;sizes&quot;:[]},&quot;gap_mobile&quot;:{&quot;unit&quot;:&quot;px&quot;,&quot;size&quot;:10,&quot;sizes&quot;:[]},&quot;link_to&quot;:&quot;file&quot;,&quot;aspect_ratio&quot;:&quot;3:2&quot;,&quot;overlay_background&quot;:&quot;yes&quot;,&quot;content_hover_animation&quot;:&quot;fade-in&quot;}\" data-widget_type=\"gallery.default\">\n\t\t\t\t<div class=\"elementor-widget-container\">\n\t\t\t\t\t\t\t<div class=\"elementor-gallery__container\">\n\t\t\t\t\t\t\t<a class=\"e-gallery-item elementor-gallery-item elementor-animated-content\" href=\"https:\/\/clinicavilaparc.es\/wp-content\/uploads\/2024\/10\/radiologia3.jpg\" data-elementor-open-lightbox=\"yes\" data-elementor-lightbox-slideshow=\"888ce24\" data-elementor-lightbox-title=\"radiologia3\" data-e-action-hash=\"#elementor-action%3Aaction%3Dlightbox%26settings%3DeyJpZCI6NjczMywidXJsIjoiaHR0cHM6XC9cL2NsaW5pY2F2aWxhcGFyYy5lc1wvd3AtY29udGVudFwvdXBsb2Fkc1wvMjAyNFwvMTBcL3JhZGlvbG9naWEzLmpwZyIsInNsaWRlc2hvdyI6Ijg4OGNlMjQifQ%3D%3D\">\n\t\t\t\t\t<div class=\"e-gallery-image elementor-gallery-item__image\" data-thumbnail=\"https:\/\/clinicavilaparc.es\/wp-content\/uploads\/2024\/10\/radiologia3-768x512.jpg\" data-width=\"768\" data-height=\"512\" aria-label=\"\" role=\"img\" ><\/div>\n\t\t\t\t\t\t\t\t\t\t\t<div class=\"elementor-gallery-item__overlay\"><\/div>\n\t\t\t\t\t\t\t\t\t\t\t\t\t\t\t<div class=\"elementor-gallery-item__content\">\n\t\t\t\t\t\t\t\t\t\t\t<\/div>\n\t\t\t\t\t\t\t\t\t<\/a>\n\t\t\t\t\t\t\t<a class=\"e-gallery-item elementor-gallery-item elementor-animated-content\" href=\"https:\/\/clinicavilaparc.es\/wp-content\/uploads\/2024\/10\/radiologia4.jpg\" data-elementor-open-lightbox=\"yes\" data-elementor-lightbox-slideshow=\"888ce24\" data-elementor-lightbox-title=\"radiologia4\" data-e-action-hash=\"#elementor-action%3Aaction%3Dlightbox%26settings%3DeyJpZCI6NjczNywidXJsIjoiaHR0cHM6XC9cL2NsaW5pY2F2aWxhcGFyYy5lc1wvd3AtY29udGVudFwvdXBsb2Fkc1wvMjAyNFwvMTBcL3JhZGlvbG9naWE0LmpwZyIsInNsaWRlc2hvdyI6Ijg4OGNlMjQifQ%3D%3D\">\n\t\t\t\t\t<div class=\"e-gallery-image elementor-gallery-item__image\" data-thumbnail=\"https:\/\/clinicavilaparc.es\/wp-content\/uploads\/2024\/10\/radiologia4-768x1082.jpg\" data-width=\"768\" data-height=\"1082\" aria-label=\"\" role=\"img\" ><\/div>\n\t\t\t\t\t\t\t\t\t\t\t<div class=\"elementor-gallery-item__overlay\"><\/div>\n\t\t\t\t\t\t\t\t\t\t\t\t\t\t\t<div class=\"elementor-gallery-item__content\">\n\t\t\t\t\t\t\t\t\t\t\t<\/div>\n\t\t\t\t\t\t\t\t\t<\/a>\n\t\t\t\t\t\t\t<a class=\"e-gallery-item elementor-gallery-item elementor-animated-content\" href=\"https:\/\/clinicavilaparc.es\/wp-content\/uploads\/2024\/10\/radiologia1.jpg\" data-elementor-open-lightbox=\"yes\" data-elementor-lightbox-slideshow=\"888ce24\" data-elementor-lightbox-title=\"radiologia1\" data-e-action-hash=\"#elementor-action%3Aaction%3Dlightbox%26settings%3DeyJpZCI6NjcyNSwidXJsIjoiaHR0cHM6XC9cL2NsaW5pY2F2aWxhcGFyYy5lc1wvd3AtY29udGVudFwvdXBsb2Fkc1wvMjAyNFwvMTBcL3JhZGlvbG9naWExLmpwZyIsInNsaWRlc2hvdyI6Ijg4OGNlMjQifQ%3D%3D\">\n\t\t\t\t\t<div class=\"e-gallery-image elementor-gallery-item__image\" data-thumbnail=\"https:\/\/clinicavilaparc.es\/wp-content\/uploads\/2024\/10\/radiologia1-768x483.jpg\" data-width=\"768\" data-height=\"483\" aria-label=\"\" role=\"img\" ><\/div>\n\t\t\t\t\t\t\t\t\t\t\t<div class=\"elementor-gallery-item__overlay\"><\/div>\n\t\t\t\t\t\t\t\t\t\t\t\t\t\t\t<div class=\"elementor-gallery-item__content\">\n\t\t\t\t\t\t\t\t\t\t\t<\/div>\n\t\t\t\t\t\t\t\t\t<\/a>\n\t\t\t\t\t\t\t<a class=\"e-gallery-item elementor-gallery-item elementor-animated-content\" href=\"https:\/\/clinicavilaparc.es\/wp-content\/uploads\/2024\/10\/radiologia2.jpg\" data-elementor-open-lightbox=\"yes\" data-elementor-lightbox-slideshow=\"888ce24\" data-elementor-lightbox-title=\"radiologia2\" data-e-action-hash=\"#elementor-action%3Aaction%3Dlightbox%26settings%3DeyJpZCI6NjcyOSwidXJsIjoiaHR0cHM6XC9cL2NsaW5pY2F2aWxhcGFyYy5lc1wvd3AtY29udGVudFwvdXBsb2Fkc1wvMjAyNFwvMTBcL3JhZGlvbG9naWEyLmpwZyIsInNsaWRlc2hvdyI6Ijg4OGNlMjQifQ%3D%3D\">\n\t\t\t\t\t<div class=\"e-gallery-image elementor-gallery-item__image\" data-thumbnail=\"https:\/\/clinicavilaparc.es\/wp-content\/uploads\/2024\/10\/radiologia2-768x505.jpg\" data-width=\"768\" data-height=\"505\" aria-label=\"\" role=\"img\" ><\/div>\n\t\t\t\t\t\t\t\t\t\t\t<div class=\"elementor-gallery-item__overlay\"><\/div>\n\t\t\t\t\t\t\t\t\t\t\t\t\t\t\t<div class=\"elementor-gallery-item__content\">\n\t\t\t\t\t\t\t\t\t\t\t<\/div>\n\t\t\t\t\t\t\t\t\t<\/a>\n\t\t\t\t\t<\/div>\n\t\t\t\t\t<\/div>\n\t\t\t\t<\/div>\n\t\t\t\t\t<\/div>\n\t\t<\/div>\n\t\t\t\t\t<\/div>\n\t\t<\/section>\n\t\t\t\t<section class=\"elementor-section elementor-top-section elementor-element elementor-element-8de2534 elementor-section-boxed elementor-section-height-default elementor-section-height-default\" data-id=\"8de2534\" data-element_type=\"section\" data-e-type=\"section\">\n\t\t\t\t\t\t<div class=\"elementor-container elementor-column-gap-default\">\n\t\t\t\t\t<div class=\"elementor-column elementor-col-100 elementor-top-column elementor-element elementor-element-21295b6\" data-id=\"21295b6\" data-element_type=\"column\" data-e-type=\"column\">\n\t\t\t<div class=\"elementor-widget-wrap elementor-element-populated\">\n\t\t\t\t\t\t<div class=\"elementor-element elementor-element-80bd508 elementor-widget elementor-widget-global elementor-global-6930 elementor-widget-heading\" data-id=\"80bd508\" data-element_type=\"widget\" data-e-type=\"widget\" data-widget_type=\"heading.default\">\n\t\t\t\t<div class=\"elementor-widget-container\">\n\t\t\t\t\t<h2 class=\"elementor-heading-title elementor-size-default\">Tambi\u00e9n le puede interesar<\/h2>\t\t\t\t<\/div>\n\t\t\t\t<\/div>\n\t\t\t\t<div class=\"elementor-element elementor-element-fe8994c elementor-posts--thumbnail-none elementor-posts--align-center elementor-grid-3 elementor-grid-tablet-2 elementor-grid-mobile-1 elementor-widget elementor-widget-global elementor-global-6854 elementor-widget-posts\" data-id=\"fe8994c\" data-element_type=\"widget\" data-e-type=\"widget\" data-settings=\"{&quot;classic_row_gap&quot;:{&quot;unit&quot;:&quot;em&quot;,&quot;size&quot;:1.899999999999999911182158029987476766109466552734375,&quot;sizes&quot;:[]},&quot;classic_row_gap_tablet&quot;:{&quot;unit&quot;:&quot;em&quot;,&quot;size&quot;:&quot;&quot;,&quot;sizes&quot;:[]},&quot;classic_row_gap_mobile&quot;:{&quot;unit&quot;:&quot;em&quot;,&quot;size&quot;:&quot;&quot;,&quot;sizes&quot;:[]},&quot;classic_columns&quot;:&quot;3&quot;,&quot;classic_columns_tablet&quot;:&quot;2&quot;,&quot;classic_columns_mobile&quot;:&quot;1&quot;}\" data-widget_type=\"posts.classic\">\n\t\t\t\t<div class=\"elementor-widget-container\">\n\t\t\t\t\t\t\t<div class=\"elementor-posts-container elementor-posts elementor-posts--skin-classic elementor-grid\" role=\"list\">\n\t\t\t\t<article class=\"elementor-post elementor-grid-item post-7660 page type-page status-publish hentry\" role=\"listitem\">\n\t\t\t\t<div class=\"elementor-post__text\">\n\t\t\t\t<h2 class=\"elementor-post__title\">\n\t\t\t<a href=\"https:\/\/clinicavilaparc.es\/de\/aesthetisch-plastische-chirurgie-ibiza-gesicht-hals-blepharoplastik\/\" >\n\t\t\t\tBlepharoplastik und Entfernung von Tr\u00e4nens\u00e4cken\t\t\t<\/a>\n\t\t<\/h2>\n\t\t\t\t<\/div>\n\t\t\t\t<\/article>\n\t\t\t\t<article class=\"elementor-post elementor-grid-item post-7886 page type-page status-publish has-post-thumbnail hentry\" role=\"listitem\">\n\t\t\t\t<div class=\"elementor-post__text\">\n\t\t\t\t<h2 class=\"elementor-post__title\">\n\t\t\t<a href=\"https:\/\/clinicavilaparc.es\/de\/aesthetisch-plastische-chirurgie-ibiza\/\" >\n\t\t\t\tPLASTISCHE CHIRURGIE\t\t\t<\/a>\n\t\t<\/h2>\n\t\t\t\t<\/div>\n\t\t\t\t<\/article>\n\t\t\t\t<article class=\"elementor-post elementor-grid-item post-7965 page type-page status-publish hentry\" role=\"listitem\">\n\t\t\t\t<div class=\"elementor-post__text\">\n\t\t\t\t<h2 class=\"elementor-post__title\">\n\t\t\t<a href=\"https:\/\/clinicavilaparc.es\/de\/aesthetische-medizin-ibiza\/\" >\n\t\t\t\t\u00c4STHETISCHE MEDIZIN\t\t\t<\/a>\n\t\t<\/h2>\n\t\t\t\t<\/div>\n\t\t\t\t<\/article>\n\t\t\t\t<\/div>\n\t\t\n\t\t\t\t\t\t<\/div>\n\t\t\t\t<\/div>\n\t\t\t\t\t<\/div>\n\t\t<\/div>\n\t\t\t\t\t<\/div>\n\t\t<\/section>\n\t\t\t\t<\/div>\n\t\t","protected":false},"excerpt":{"rendered":"<p>Die Radiologieabteilung befindet sich im Zentrum der Vila Parc Sa Colomina (Calle Murcia, 25, Ibiza). Hier k\u00f6nnen Sie die folgenden diagnostischen Untersuchungen durchf\u00fchren lassen: Tomosynthese<\/p>\n","protected":false},"author":1,"featured_media":0,"parent":0,"menu_order":0,"comment_status":"closed","ping_status":"closed","template":"","meta":{"site-sidebar-layout":"no-sidebar","site-content-layout":"page-builder","ast-site-content-layout":"full-width-container","site-content-style":"default","site-sidebar-style":"default","ast-global-header-display":"","ast-banner-title-visibility":"","ast-main-header-display":"","ast-hfb-above-header-display":"","ast-hfb-below-header-display":"","ast-hfb-mobile-header-display":"","site-post-title":"disabled","ast-breadcrumbs-content":"","ast-featured-img":"disabled","footer-sml-layout":"","ast-disable-related-posts":"","theme-transparent-header-meta":"","adv-header-id-meta":"","stick-header-meta":"","header-above-stick-meta":"","header-main-stick-meta":"","header-below-stick-meta":"","astra-migrate-meta-layouts":"default","ast-page-background-enabled":"default","ast-page-background-meta":{"desktop":{"background-color":"var(--ast-global-color-4)","background-image":"","background-repeat":"repeat","background-position":"center center","background-size":"auto","background-attachment":"scroll","background-type":"","background-media":"","overlay-type":"","overlay-color":"","overlay-opacity":"","overlay-gradient":""},"tablet":{"background-color":"","background-image":"","background-repeat":"repeat","background-position":"center center","background-size":"auto","background-attachment":"scroll","background-type":"","background-media":"","overlay-type":"","overlay-color":"","overlay-opacity":"","overlay-gradient":""},"mobile":{"background-color":"","background-image":"","background-repeat":"repeat","background-position":"center center","background-size":"auto","background-attachment":"scroll","background-type":"","background-media":"","overlay-type":"","overlay-color":"","overlay-opacity":"","overlay-gradient":""}},"ast-content-background-meta":{"desktop":{"background-color":"var(--ast-global-color-5)","background-image":"","background-repeat":"repeat","background-position":"center center","background-size":"auto","background-attachment":"scroll","background-type":"","background-media":"","overlay-type":"","overlay-color":"","overlay-opacity":"","overlay-gradient":""},"tablet":{"background-color":"var(--ast-global-color-5)","background-image":"","background-repeat":"repeat","background-position":"center center","background-size":"auto","background-attachment":"scroll","background-type":"","background-media":"","overlay-type":"","overlay-color":"","overlay-opacity":"","overlay-gradient":""},"mobile":{"background-color":"var(--ast-global-color-5)","background-image":"","background-repeat":"repeat","background-position":"center center","background-size":"auto","background-attachment":"scroll","background-type":"","background-media":"","overlay-type":"","overlay-color":"","overlay-opacity":"","overlay-gradient":""}},"footnotes":""},"class_list":["post-6763","page","type-page","status-publish","hentry"],"_links":{"self":[{"href":"https:\/\/clinicavilaparc.es\/de\/wp-json\/wp\/v2\/pages\/6763","targetHints":{"allow":["GET"]}}],"collection":[{"href":"https:\/\/clinicavilaparc.es\/de\/wp-json\/wp\/v2\/pages"}],"about":[{"href":"https:\/\/clinicavilaparc.es\/de\/wp-json\/wp\/v2\/types\/page"}],"author":[{"embeddable":true,"href":"https:\/\/clinicavilaparc.es\/de\/wp-json\/wp\/v2\/users\/1"}],"replies":[{"embeddable":true,"href":"https:\/\/clinicavilaparc.es\/de\/wp-json\/wp\/v2\/comments?post=6763"}],"version-history":[{"count":0,"href":"https:\/\/clinicavilaparc.es\/de\/wp-json\/wp\/v2\/pages\/6763\/revisions"}],"wp:attachment":[{"href":"https:\/\/clinicavilaparc.es\/de\/wp-json\/wp\/v2\/media?parent=6763"}],"curies":[{"name":"wp","href":"https:\/\/api.w.org\/{rel}","templated":true}]}}