{"id":3366,"date":"2023-08-02T12:24:13","date_gmt":"2023-08-02T10:24:13","guid":{"rendered":"https:\/\/clinicavilaparc.es\/medicina-nuclear\/"},"modified":"2024-12-04T10:03:58","modified_gmt":"2024-12-04T09:03:58","slug":"nuklearmedizin","status":"publish","type":"page","link":"https:\/\/clinicavilaparc.es\/de\/leistungen\/nuklearmedizin\/","title":{"rendered":"Nuklearmedizin"},"content":{"rendered":"\t\t<div data-elementor-type=\"wp-page\" data-elementor-id=\"3366\" class=\"elementor elementor-3366 elementor-3334\" data-elementor-post-type=\"page\">\n\t\t\t\t\t\t<section class=\"elementor-section elementor-top-section elementor-element elementor-element-e40d0db elementor-section-boxed elementor-section-height-default elementor-section-height-default\" data-id=\"e40d0db\" data-element_type=\"section\" data-e-type=\"section\" data-settings=\"{&quot;background_background&quot;:&quot;classic&quot;}\">\n\t\t\t\t\t\t\t<div class=\"elementor-background-overlay\"><\/div>\n\t\t\t\t\t\t\t<div class=\"elementor-container elementor-column-gap-default\">\n\t\t\t\t\t<div class=\"elementor-column elementor-col-100 elementor-top-column elementor-element elementor-element-7a28ae4\" data-id=\"7a28ae4\" data-element_type=\"column\" data-e-type=\"column\">\n\t\t\t<div class=\"elementor-widget-wrap elementor-element-populated\">\n\t\t\t\t\t\t<div class=\"elementor-element elementor-element-7e0ec7c elementor-widget elementor-widget-heading\" data-id=\"7e0ec7c\" data-element_type=\"widget\" data-e-type=\"widget\" data-widget_type=\"heading.default\">\n\t\t\t\t<div class=\"elementor-widget-container\">\n\t\t\t\t\t<h1 class=\"elementor-heading-title elementor-size-xxl\">Nuklearmedizin<\/h1>\t\t\t\t<\/div>\n\t\t\t\t<\/div>\n\t\t\t\t<div class=\"elementor-element elementor-element-37712c6 elementor-widget-divider--view-line elementor-invisible elementor-widget elementor-widget-divider\" data-id=\"37712c6\" data-element_type=\"widget\" data-e-type=\"widget\" data-settings=\"{&quot;_animation&quot;:&quot;bounceInUp&quot;}\" data-widget_type=\"divider.default\">\n\t\t\t\t<div class=\"elementor-widget-container\">\n\t\t\t\t\t\t\t<div class=\"elementor-divider\">\n\t\t\t<span class=\"elementor-divider-separator\">\n\t\t\t\t\t\t<\/span>\n\t\t<\/div>\n\t\t\t\t\t\t<\/div>\n\t\t\t\t<\/div>\n\t\t\t\t\t<\/div>\n\t\t<\/div>\n\t\t\t\t\t<\/div>\n\t\t<\/section>\n\t\t\t\t<section class=\"elementor-section elementor-top-section elementor-element elementor-element-b02430e elementor-section-boxed elementor-section-height-default elementor-section-height-default\" data-id=\"b02430e\" data-element_type=\"section\" data-e-type=\"section\">\n\t\t\t\t\t\t<div class=\"elementor-container elementor-column-gap-default\">\n\t\t\t\t\t<div class=\"elementor-column elementor-col-100 elementor-top-column elementor-element elementor-element-0569a68\" data-id=\"0569a68\" data-element_type=\"column\" data-e-type=\"column\">\n\t\t\t<div class=\"elementor-widget-wrap elementor-element-populated\">\n\t\t\t\t\t\t<div class=\"elementor-element elementor-element-07d1f03 elementor-widget elementor-widget-text-editor\" data-id=\"07d1f03\" data-element_type=\"widget\" data-e-type=\"widget\" data-widget_type=\"text-editor.default\">\n\t\t\t\t<div class=\"elementor-widget-container\">\n\t\t\t\t\t\t\t\t\t<p>Die Nuklearmedizin ist eine Fachrichtung der Medizin, die verschiedene Krankheiten diagnostiziert, bewertet und behandelt. Zu diesen geh\u00f6ren onkologische Verfahren, Infektionen, Herzerkrankungen und auch Beschwerden des Magen-Darm-Bereichs, Endokrinologie, Neurologie und weitere medizinische Fachrichtungen.<\/p>\n<p>Die Untersuchungen oder Diagnosen in der Nuklearmedizin erkennen Ver\u00e4nderungen des Stoffwechsels\/von bestimmten Molek\u00fclen von verschiedenen Geweben oder Organen, wodurch sich Krankheiten schon in fr\u00fchen Stadien erkennen lassen und man auch die Behandlung mit bestimmten Therapien, vor allem in der Onkologie, bewerten kann.<\/p>\n<p>Diese Fachrichtung ist wenig invasiv und verwendet keine komplexen Verfahren. Die bildgebenden Untersuchungen \u00e4hneln bekannteren Verfahren, wie CT oder MRT und sind in vielen F\u00e4llen mit einer geringeren Strahlenbelastung verbunden.<\/p>\n<p><strong>PET-CT<\/strong><\/p>\n<p>Die Untersuchung mit den besten Bildern ist eine PET-CT. Diese Untersuchung kombiniert zwei unterschiedliche Technologien in einer Maschine: Positronenemissionstomografie (PET) und Computertomografie (CT).<\/p>\n<p>PET ist f\u00fcr sich ein nicht invasives Diagnoseverfahren, mit dem man Stoffwechselprozesse im Inneren des K\u00f6rpers mit Einnahme eines Kontrastmittels aus Glukose und einem Isotop, das Strahlen emittiert, sichtbar macht. Das Verfahren basiert auf der Tatsache, dass bei einigen Krankheiten, vor allem bei onkologischen Erkrankungen, durch einen durch die vermehrte Zellteilung erh\u00f6hten Bedarf an Glukose besteht, weshalb man mit der Gabe des Kontrastmittels schon sehr fr\u00fch, sowohl im Anfangsstadium, als auch bei m\u00f6glichen R\u00fcckf\u00e4llen eine Tumoraktivit\u00e4t feststellen kann. Dies war ein Meilenstein in der Onkologie, weil man Patienten bereits im Anfangsstadium der Krankheit behandeln konnte und auch die tats\u00e4chliche Ausbreitung feststellen kann, die einen gro\u00dfen Einfluss auf die \u00dcberlebensrate hat.<\/p>\n<p>Mit der Zeit und durch die gro\u00dfen technischen Fortschritte konnte man das Bild der Stoffwechselfunktion des PET mit dem anatomischen\/strukturellen Bild des CT (Computertomografie) im gleichen Ger\u00e4t und Verfahren vereinen und vermied so hohe und unn\u00f6tige Strahlendosen und verbesserte die Genauigkeit der Untersuchung deutlich.<\/p>\n<p><strong>DURCHF\u00dcHRUNG DER UNTERSUCHUNG <\/strong><\/p>\n<p>Die Patienten k\u00f6nnen ganz beruhigt sein, denn dieses Verfahren wird ambulant, ohne Krankenhauseinweisung durchgef\u00fchrt. Die einzige Vorbereitung ist ein Abendessen am Vortag mit wenigen Kohlehydraten und muss danach mindestens 4 Stunden vor der geplanten Untersuchung n\u00fcchtern bleiben. Es kann einige Ausnahme geben, was besonders f\u00fcr Diabetiker gilt, weshalb es wichtig ist, dass Sie diesen Umstand dem Personal in der Nuklearmedizin mitteilen, sobald f\u00fcr Sie ein PET-CT beantragt wird.<\/p>\n<p>Wenn der Patient schlie\u00dflich in der Nuklearmedizin ankommt, wird ihm in Untersuchungsraum von einem Fachpfleger der Nuklearmedizin ein Zugang gelegt, \u00fcber den das Kontrastmittel zugef\u00fchrt wird. Nach der Injektion muss der Patient etwa 50 Minuten ruhen. Diese Zeit nutzen viele Patienten zum Lesen, Musikh\u00f6ren oder Ausruhen. Nach dieser Zeit, die n\u00f6tig ist, damit sich das Kontrastmittel in den m\u00f6glichen erkrankten Bereiche festgesetzt hat, wird der Patient in den PET-CT-Raum gebracht, in dem die bildgebende Untersuchung durchgef\u00fchrt wird, die ungef\u00e4hr 20 Minuten dauert. Sobald die Untersuchung beendet ist, kann der Patient nach Hause zur\u00fcck und sein Leben normal fortf\u00fchren.<\/p>\n\t\t\t\t\t\t\t\t<\/div>\n\t\t\t\t<\/div>\n\t\t\t\t<div class=\"elementor-element elementor-element-639a0e0 elementor-widget elementor-widget-gallery\" data-id=\"639a0e0\" data-element_type=\"widget\" data-e-type=\"widget\" data-settings=\"{&quot;columns&quot;:3,&quot;overlay_title&quot;:&quot;caption&quot;,&quot;lazyload&quot;:&quot;yes&quot;,&quot;gallery_layout&quot;:&quot;grid&quot;,&quot;columns_tablet&quot;:2,&quot;columns_mobile&quot;:1,&quot;gap&quot;:{&quot;unit&quot;:&quot;px&quot;,&quot;size&quot;:10,&quot;sizes&quot;:[]},&quot;gap_tablet&quot;:{&quot;unit&quot;:&quot;px&quot;,&quot;size&quot;:10,&quot;sizes&quot;:[]},&quot;gap_mobile&quot;:{&quot;unit&quot;:&quot;px&quot;,&quot;size&quot;:10,&quot;sizes&quot;:[]},&quot;link_to&quot;:&quot;file&quot;,&quot;aspect_ratio&quot;:&quot;3:2&quot;,&quot;overlay_background&quot;:&quot;yes&quot;,&quot;content_hover_animation&quot;:&quot;fade-in&quot;}\" data-widget_type=\"gallery.default\">\n\t\t\t\t<div class=\"elementor-widget-container\">\n\t\t\t\t\t\t\t<div class=\"elementor-gallery__container\">\n\t\t\t\t\t\t\t<a class=\"e-gallery-item elementor-gallery-item elementor-animated-content\" href=\"https:\/\/clinicavilaparc.es\/wp-content\/uploads\/2023\/08\/medicina-nucelar-policlinica-1.jpg\" data-elementor-open-lightbox=\"yes\" data-elementor-lightbox-slideshow=\"639a0e0\" data-elementor-lightbox-title=\"medicina nucelar policlinica (1)\" data-e-action-hash=\"#elementor-action%3Aaction%3Dlightbox%26settings%3DeyJpZCI6MzMzNiwidXJsIjoiaHR0cHM6XC9cL2NsaW5pY2F2aWxhcGFyYy5lc1wvd3AtY29udGVudFwvdXBsb2Fkc1wvMjAyM1wvMDhcL21lZGljaW5hLW51Y2VsYXItcG9saWNsaW5pY2EtMS5qcGciLCJzbGlkZXNob3ciOiI2MzlhMGUwIn0%3D\">\n\t\t\t\t\t<div class=\"e-gallery-image elementor-gallery-item__image\" data-thumbnail=\"https:\/\/clinicavilaparc.es\/wp-content\/uploads\/2023\/08\/medicina-nucelar-policlinica-1-300x200.jpg\" data-width=\"300\" data-height=\"200\" aria-label=\"\" role=\"img\" ><\/div>\n\t\t\t\t\t\t\t\t\t\t\t<div class=\"elementor-gallery-item__overlay\"><\/div>\n\t\t\t\t\t\t\t\t\t\t\t\t\t\t\t<div class=\"elementor-gallery-item__content\">\n\t\t\t\t\t\t\t\t\t\t\t<\/div>\n\t\t\t\t\t\t\t\t\t<\/a>\n\t\t\t\t\t\t\t<a class=\"e-gallery-item elementor-gallery-item elementor-animated-content\" href=\"https:\/\/clinicavilaparc.es\/wp-content\/uploads\/2023\/08\/medicina-nucelar-policlinica-2.jpg\" data-elementor-open-lightbox=\"yes\" data-elementor-lightbox-slideshow=\"639a0e0\" data-elementor-lightbox-title=\"medicina nucelar policlinica (2)\" data-e-action-hash=\"#elementor-action%3Aaction%3Dlightbox%26settings%3DeyJpZCI6MzM0MCwidXJsIjoiaHR0cHM6XC9cL2NsaW5pY2F2aWxhcGFyYy5lc1wvd3AtY29udGVudFwvdXBsb2Fkc1wvMjAyM1wvMDhcL21lZGljaW5hLW51Y2VsYXItcG9saWNsaW5pY2EtMi5qcGciLCJzbGlkZXNob3ciOiI2MzlhMGUwIn0%3D\">\n\t\t\t\t\t<div class=\"e-gallery-image elementor-gallery-item__image\" data-thumbnail=\"https:\/\/clinicavilaparc.es\/wp-content\/uploads\/2023\/08\/medicina-nucelar-policlinica-2-300x213.jpg\" data-width=\"300\" data-height=\"213\" aria-label=\"\" role=\"img\" ><\/div>\n\t\t\t\t\t\t\t\t\t\t\t<div class=\"elementor-gallery-item__overlay\"><\/div>\n\t\t\t\t\t\t\t\t\t\t\t\t\t\t\t<div class=\"elementor-gallery-item__content\">\n\t\t\t\t\t\t\t\t\t\t\t<\/div>\n\t\t\t\t\t\t\t\t\t<\/a>\n\t\t\t\t\t<\/div>\n\t\t\t\t\t<\/div>\n\t\t\t\t<\/div>\n\t\t\t\t\t<\/div>\n\t\t<\/div>\n\t\t\t\t\t<\/div>\n\t\t<\/section>\n\t\t\t\t<section class=\"elementor-section elementor-top-section elementor-element elementor-element-dadde5f elementor-section-boxed elementor-section-height-default elementor-section-height-default\" data-id=\"dadde5f\" data-element_type=\"section\" data-e-type=\"section\">\n\t\t\t\t\t\t<div class=\"elementor-container elementor-column-gap-default\">\n\t\t\t\t\t<div class=\"elementor-column elementor-col-100 elementor-top-column elementor-element elementor-element-d285ee5\" data-id=\"d285ee5\" data-element_type=\"column\" data-e-type=\"column\">\n\t\t\t<div class=\"elementor-widget-wrap elementor-element-populated\">\n\t\t\t\t\t\t<div class=\"elementor-element elementor-element-6781bb2 elementor-widget elementor-widget-global elementor-global-6930 elementor-widget-heading\" data-id=\"6781bb2\" data-element_type=\"widget\" data-e-type=\"widget\" data-widget_type=\"heading.default\">\n\t\t\t\t<div class=\"elementor-widget-container\">\n\t\t\t\t\t<h2 class=\"elementor-heading-title elementor-size-default\">Tambi\u00e9n le puede interesar<\/h2>\t\t\t\t<\/div>\n\t\t\t\t<\/div>\n\t\t\t\t<div class=\"elementor-element elementor-element-f2d894b elementor-posts--thumbnail-none elementor-posts--align-center elementor-grid-3 elementor-grid-tablet-2 elementor-grid-mobile-1 elementor-widget elementor-widget-global elementor-global-6854 elementor-widget-posts\" data-id=\"f2d894b\" data-element_type=\"widget\" data-e-type=\"widget\" data-settings=\"{&quot;classic_row_gap&quot;:{&quot;unit&quot;:&quot;em&quot;,&quot;size&quot;:1.899999999999999911182158029987476766109466552734375,&quot;sizes&quot;:[]},&quot;classic_row_gap_tablet&quot;:{&quot;unit&quot;:&quot;em&quot;,&quot;size&quot;:&quot;&quot;,&quot;sizes&quot;:[]},&quot;classic_row_gap_mobile&quot;:{&quot;unit&quot;:&quot;em&quot;,&quot;size&quot;:&quot;&quot;,&quot;sizes&quot;:[]},&quot;classic_columns&quot;:&quot;3&quot;,&quot;classic_columns_tablet&quot;:&quot;2&quot;,&quot;classic_columns_mobile&quot;:&quot;1&quot;}\" data-widget_type=\"posts.classic\">\n\t\t\t\t<div class=\"elementor-widget-container\">\n\t\t\t\t\t\t\t<div class=\"elementor-posts-container elementor-posts elementor-posts--skin-classic elementor-grid\" role=\"list\">\n\t\t\t\t<article class=\"elementor-post elementor-grid-item post-9111 page type-page status-publish hentry\" role=\"listitem\">\n\t\t\t\t<div class=\"elementor-post__text\">\n\t\t\t\t<h2 class=\"elementor-post__title\">\n\t\t\t<a href=\"https:\/\/clinicavilaparc.es\/de\/leistungen\/krankenhausaufenthalt\/\" >\n\t\t\t\tKrankenhausaufenthalt auf Ibiza\t\t\t<\/a>\n\t\t<\/h2>\n\t\t\t\t<\/div>\n\t\t\t\t<\/article>\n\t\t\t\t<article class=\"elementor-post elementor-grid-item post-9119 page type-page status-publish hentry\" role=\"listitem\">\n\t\t\t\t<div class=\"elementor-post__text\">\n\t\t\t\t<h2 class=\"elementor-post__title\">\n\t\t\t<a href=\"https:\/\/clinicavilaparc.es\/de\/leistungen\/cma-operationssaele\/\" >\n\t\t\t\tCMA-Operationss\u00e4le auf Ibiza\t\t\t<\/a>\n\t\t<\/h2>\n\t\t\t\t<\/div>\n\t\t\t\t<\/article>\n\t\t\t\t<article class=\"elementor-post elementor-grid-item post-1029 page type-page status-publish hentry\" role=\"listitem\">\n\t\t\t\t<div class=\"elementor-post__text\">\n\t\t\t\t<h2 class=\"elementor-post__title\">\n\t\t\t<a href=\"https:\/\/clinicavilaparc.es\/de\/leistungen\/sprechstunden\/\" >\n\t\t\t\tSprechstunden\t\t\t<\/a>\n\t\t<\/h2>\n\t\t\t\t<\/div>\n\t\t\t\t<\/article>\n\t\t\t\t<\/div>\n\t\t\n\t\t\t\t\t\t<\/div>\n\t\t\t\t<\/div>\n\t\t\t\t\t<\/div>\n\t\t<\/div>\n\t\t\t\t\t<\/div>\n\t\t<\/section>\n\t\t\t\t<\/div>\n\t\t","protected":false},"excerpt":{"rendered":"<p>Nuklearmedizin Die Nuklearmedizin ist eine Fachrichtung der Medizin, die verschiedene Krankheiten diagnostiziert, bewertet und behandelt. Zu diesen geh\u00f6ren onkologische Verfahren, Infektionen, Herzerkrankungen und auch Beschwerden<\/p>\n","protected":false},"author":1,"featured_media":0,"parent":1026,"menu_order":0,"comment_status":"closed","ping_status":"closed","template":"","meta":{"site-sidebar-layout":"no-sidebar","site-content-layout":"page-builder","ast-site-content-layout":"default","site-content-style":"default","site-sidebar-style":"default","ast-global-header-display":"","ast-banner-title-visibility":"","ast-main-header-display":"","ast-hfb-above-header-display":"","ast-hfb-below-header-display":"","ast-hfb-mobile-header-display":"","site-post-title":"disabled","ast-breadcrumbs-content":"","ast-featured-img":"disabled","footer-sml-layout":"","ast-disable-related-posts":"","theme-transparent-header-meta":"","adv-header-id-meta":"","stick-header-meta":"","header-above-stick-meta":"","header-main-stick-meta":"","header-below-stick-meta":"","astra-migrate-meta-layouts":"default","ast-page-background-enabled":"default","ast-page-background-meta":{"desktop":{"background-color":"var(--ast-global-color-4)","background-image":"","background-repeat":"repeat","background-position":"center center","background-size":"auto","background-attachment":"scroll","background-type":"","background-media":"","overlay-type":"","overlay-color":"","overlay-opacity":"","overlay-gradient":""},"tablet":{"background-color":"","background-image":"","background-repeat":"repeat","background-position":"center center","background-size":"auto","background-attachment":"scroll","background-type":"","background-media":"","overlay-type":"","overlay-color":"","overlay-opacity":"","overlay-gradient":""},"mobile":{"background-color":"","background-image":"","background-repeat":"repeat","background-position":"center center","background-size":"auto","background-attachment":"scroll","background-type":"","background-media":"","overlay-type":"","overlay-color":"","overlay-opacity":"","overlay-gradient":""}},"ast-content-background-meta":{"desktop":{"background-color":"var(--ast-global-color-5)","background-image":"","background-repeat":"repeat","background-position":"center center","background-size":"auto","background-attachment":"scroll","background-type":"","background-media":"","overlay-type":"","overlay-color":"","overlay-opacity":"","overlay-gradient":""},"tablet":{"background-color":"var(--ast-global-color-5)","background-image":"","background-repeat":"repeat","background-position":"center center","background-size":"auto","background-attachment":"scroll","background-type":"","background-media":"","overlay-type":"","overlay-color":"","overlay-opacity":"","overlay-gradient":""},"mobile":{"background-color":"var(--ast-global-color-5)","background-image":"","background-repeat":"repeat","background-position":"center center","background-size":"auto","background-attachment":"scroll","background-type":"","background-media":"","overlay-type":"","overlay-color":"","overlay-opacity":"","overlay-gradient":""}},"footnotes":""},"class_list":["post-3366","page","type-page","status-publish","hentry"],"_links":{"self":[{"href":"https:\/\/clinicavilaparc.es\/de\/wp-json\/wp\/v2\/pages\/3366","targetHints":{"allow":["GET"]}}],"collection":[{"href":"https:\/\/clinicavilaparc.es\/de\/wp-json\/wp\/v2\/pages"}],"about":[{"href":"https:\/\/clinicavilaparc.es\/de\/wp-json\/wp\/v2\/types\/page"}],"author":[{"embeddable":true,"href":"https:\/\/clinicavilaparc.es\/de\/wp-json\/wp\/v2\/users\/1"}],"replies":[{"embeddable":true,"href":"https:\/\/clinicavilaparc.es\/de\/wp-json\/wp\/v2\/comments?post=3366"}],"version-history":[{"count":0,"href":"https:\/\/clinicavilaparc.es\/de\/wp-json\/wp\/v2\/pages\/3366\/revisions"}],"up":[{"embeddable":true,"href":"https:\/\/clinicavilaparc.es\/de\/wp-json\/wp\/v2\/pages\/1026"}],"wp:attachment":[{"href":"https:\/\/clinicavilaparc.es\/de\/wp-json\/wp\/v2\/media?parent=3366"}],"curies":[{"name":"wp","href":"https:\/\/api.w.org\/{rel}","templated":true}]}}