{"id":1261,"date":"2022-07-18T08:13:25","date_gmt":"2022-07-18T08:13:25","guid":{"rendered":"https:\/\/clinicavilaparc.es\/politica-de-privacidad\/"},"modified":"2024-12-04T10:01:20","modified_gmt":"2024-12-04T09:01:20","slug":"politica-de-privacidad","status":"publish","type":"page","link":"https:\/\/clinicavilaparc.es\/de\/datenschutzbestimmungen\/","title":{"rendered":"Datenschutzbestimmungen"},"content":{"rendered":"\t\t<div data-elementor-type=\"wp-page\" data-elementor-id=\"1261\" class=\"elementor elementor-1261 elementor-1251\" data-elementor-post-type=\"page\">\n\t\t\t\t\t\t<section class=\"elementor-section elementor-top-section elementor-element elementor-element-3e09735 elementor-section-boxed elementor-section-height-default elementor-section-height-default\" data-id=\"3e09735\" data-element_type=\"section\" data-e-type=\"section\" data-settings=\"{&quot;background_background&quot;:&quot;classic&quot;}\">\n\t\t\t\t\t\t\t<div class=\"elementor-background-overlay\"><\/div>\n\t\t\t\t\t\t\t<div class=\"elementor-container elementor-column-gap-default\">\n\t\t\t\t\t<div class=\"elementor-column elementor-col-100 elementor-top-column elementor-element elementor-element-b575e34\" data-id=\"b575e34\" data-element_type=\"column\" data-e-type=\"column\">\n\t\t\t<div class=\"elementor-widget-wrap elementor-element-populated\">\n\t\t\t\t\t\t<div class=\"elementor-element elementor-element-9c118e2 elementor-widget elementor-widget-heading\" data-id=\"9c118e2\" data-element_type=\"widget\" data-e-type=\"widget\" data-widget_type=\"heading.default\">\n\t\t\t\t<div class=\"elementor-widget-container\">\n\t\t\t\t\t<h1 class=\"elementor-heading-title elementor-size-xxl\">Datenschutzbestimmungen<\/h1>\t\t\t\t<\/div>\n\t\t\t\t<\/div>\n\t\t\t\t<div class=\"elementor-element elementor-element-29dbbe0 elementor-widget-divider--view-line elementor-invisible elementor-widget elementor-widget-divider\" data-id=\"29dbbe0\" data-element_type=\"widget\" data-e-type=\"widget\" data-settings=\"{&quot;_animation&quot;:&quot;bounceInUp&quot;}\" data-widget_type=\"divider.default\">\n\t\t\t\t<div class=\"elementor-widget-container\">\n\t\t\t\t\t\t\t<div class=\"elementor-divider\">\n\t\t\t<span class=\"elementor-divider-separator\">\n\t\t\t\t\t\t<\/span>\n\t\t<\/div>\n\t\t\t\t\t\t<\/div>\n\t\t\t\t<\/div>\n\t\t\t\t\t<\/div>\n\t\t<\/div>\n\t\t\t\t\t<\/div>\n\t\t<\/section>\n\t\t\t\t<section class=\"elementor-section elementor-top-section elementor-element elementor-element-a29fdf1 elementor-section-boxed elementor-section-height-default elementor-section-height-default\" data-id=\"a29fdf1\" data-element_type=\"section\" data-e-type=\"section\">\n\t\t\t\t\t\t<div class=\"elementor-container elementor-column-gap-default\">\n\t\t\t\t\t<div class=\"elementor-column elementor-col-100 elementor-top-column elementor-element elementor-element-bb06ca3\" data-id=\"bb06ca3\" data-element_type=\"column\" data-e-type=\"column\">\n\t\t\t<div class=\"elementor-widget-wrap elementor-element-populated\">\n\t\t\t\t\t\t<div class=\"elementor-element elementor-element-7f70c0c elementor-widget elementor-widget-text-editor\" data-id=\"7f70c0c\" data-element_type=\"widget\" data-e-type=\"widget\" data-widget_type=\"text-editor.default\">\n\t\t\t\t<div class=\"elementor-widget-container\">\n\t\t\t\t\t\t\t\t\t<p><strong>BASISINFORMATIONEN \u00dcBER DEN DATENSCHUTZ<\/strong><\/p>\n<p><strong>Einverst\u00e4ndniserkl\u00e4rung (Datenschutz-Grundverordnung (EU) 2016\/679]<\/strong><\/p>\n<p><strong>VERANTWORTLICH: <\/strong>CL\u00cdNICA VILAPARC, S.L<\/p>\n<p><strong>ZWECK: <\/strong>VORSTELLUNG VON UMFASSENDEN GESUNDHEITSLEISTUNGEN DER KLINIK, EMPFANG VON LEBENSL\u00c4UFEN UND KOMMUNIKATION<\/p>\n<p><strong>FIRMENSITZ:<\/strong> V\u00cdA ROMANA, S\/N, GEB. POLICL\u00cdNICA, 07800 IBIZA (ILLES BALEARS).<\/p>\n<p><strong>STEUERNR.: <\/strong>B16629727<\/p>\n<p><strong>LEGITIMIERUNG: <\/strong>EINWILLIGUNG INTERESSIERTER PERSONEN\/GESETZLICHE VERPFLICHTUNG.<\/p>\n<p>Es werden nur die pers\u00f6nlichen Daten gesammelt, die Sie freiwillig preisgeben wollen. Wir teilen Ihnen mit, dass diese pers\u00f6nlichen Daten, die bei der Registrierung oder zu einem anderen Moment von der KLINIK VILAPARC S.L. f\u00fcr den Zugriff auf bestimmte Leistungen der Internetseite gesammelt wurden, entsprechend der gelten Datenschutzgesetze und abh\u00e4ngig von der Art der Leistungen der Gesellschaft und des e-Commerce in Dateien des Webshops gespeichert werden.<\/p>\n<p>Die CL\u00cdNICA VILAPARC S.L. kann folgende Informationen verlangen:<\/p>\n<ul>\n<li><strong>IDENTIFIKATIONSDATEN<\/strong>\u00a0Dies sind Informationen \u00fcber eine physische Person f\u00fcr deren Identifikation, Kontaktierung, wie z. B.: Name und Nachname(n), Ausweisnummer, Handynummer, Adresse, Mailadresse.<\/li>\n<li><strong>Transaktionsdaten f\u00fcr G\u00fcter und Leistungen.<\/strong><\/li>\n<\/ul>\n<p>Die Verarbeitung Ihrer pers\u00f6nlichen Daten kann in Momenten n\u00f6tig werden, in denen gesetzliche Vorgaben erf\u00fcllt werden m\u00fcssen, oder im Zusammenhang von vertraglichen Leistungen, die die CL\u00cdNICA VILAPARC, S.L\u00a0 mit Ihnen haben k\u00f6nnte.<\/p>\n<p><strong>EMPF\u00c4NGER: <\/strong>VERWALTUNG ODER DAF\u00dcR BEFUGTE ODER GESETZLICH ODER VERTRAGLICH VERPFLICHTETE PARTEI.<\/p>\n<p><strong>RECHTE: <\/strong>ZUGRIFF, KORREKTUR, L\u00d6SCHEN VON DATEN. BESCHR\u00c4NKUNG DER VERARBEITUNG UND \u00dcBERTRAGBARKEIT.<\/p>\n<p><strong>ZUS\u00c4TZLICHE INFORMATIONEN: <\/strong>SIE K\u00d6NNEN DIE ZUS\u00c4TZLICHEN INFORMATIONEN UNTER IMPRESSUM-DATENSCHUTZPOLITIK LESEN <u>www.clinicavilaparc.es<\/u><\/p>\n<p><strong>\u00a0<\/strong>In Erf\u00fcllung der Informationspflicht, die in Artikel 10 des Gesetzes 34\/2002 vom 11. Juli \u00fcber Dienstleistungen einer Gesellschaft \u00fcber Informationen und e-Commerce ist der Eigent\u00fcmer CL\u00cdNICA VILAPARC, S.L, Steuernr.: B16629727, Klinik mit Sitz in V\u00cdA ROMANA, ohne Hausnr., GEB.. POLICL\u00cdNICA, 07800 IBIZA (ILLES BALEARS), Tel. +34 971 30 23 54 und der Mailadresse: <u>info@grupopoliclinica.es<\/u><\/p>\n<p>Das vorliegende Impressum reguliert die Nutzung der Leistungen dieses Portals im Internet (im Folgenden \u201eInternetseite\u201c genannt); NUTZER: der Zugriff, das Surfen und\/oder die Nutzung des Portals <u>www.clinicavilaparc.es<\/u> (CL\u00cdNICA VILAPARC, S.L.). Die Nutzungsbedingungen in diesem Dokument werden anerkannt. Die Nutzung des Portals beinhaltet die Bedingung des Nutzers (im Folgenden: \u201eNutzer\u201c) und impliziert die volle und umfassende Anerkennung aller und jeder aufgef\u00fchrten Voraussetzungen auf dieser \u201eInternetseite\u201c ab dem Moment, in dem der Nutzer auf das Portal zugreift. Es wird vorausgesetzt, dass diese bei jedem Besuch des Portals gelesen und akzeptiert werden, da diese \u00c4nderungen enthalten k\u00f6nnen. Der Nutzer muss auch aufmerksam die entsprechenden besonderen Bedingungen lesen und diese akzeptieren, wenn die allgemeinen Vertragsbedingungen und andere geltende Zusatzregelungen Anwendung finden. \u00dcber das Portal bietet die \u201eInternetseite\u201c den Nutzern den Zugriff und die Nutzung verschiedenster Leistungen und Inhalte (im Folgenden \u201eLeistungen\u201c genannt), die entweder von ihr selbst oder von Dritten angeboten werden.<\/p>\n<p>PORTALNUTZUNG: <u>www.clinicavilaparc.es<\/u> \u00a0liefert Informationen, verschiedenste Inhalte \u00fcber Leistungen, Programme oder Daten (im Folgenden \u201eInhalte\u201c genannt), die der CL\u00cdNICA VILAPARC, S.L. geh\u00f6ren, von denen vorausgesetzt wird, dass der Nutzer die Verantwortung \u00fcber die Nutzung des Portals \u00fcbernimmt.<\/p>\n<p>Wenn sich der Nutzer f\u00fcr eine Registrierung auf der Internetseite entschlie\u00dft, muss er wahrheitsgem\u00e4\u00df und rechtm\u00e4\u00dfig Daten \u00fcber seine pers\u00f6nlichen Identifikationsdaten angeben. Wenn dem Nutzer ein Passwort zugeordnet wird (Passwort und Log-in), verpflichtet sich der Nutzer f\u00fcr dessen sorgf\u00e4ltige Nutzung und setzt voraus, dass das Passwort pers\u00f6nlich, geheim und nicht \u00fcbertragbar ist.<\/p>\n<p>Wenn der Nutzer an Chats, Foren, Blogs oder Nachrichtenkommentaren teilnimmt, verpflichtet er sich, keine Kommentare zu schreiben, die die W\u00fcrde von Personen verletzen (das hei\u00dft diskriminierend, b\u00f6swillig, rassistisch, fremdenfeindlich, pornografisch usw. sind). Die Folge ist der Ausschluss vom Nutzen dieses Portals. In keinem Fall ist \u00a0<u>www.clinicavilaparc.es<\/u> (CL\u00cdNICA VILAPARC, S.L.) f\u00fcr die auf dieser Internetseite ge\u00e4u\u00dferten Meinungen verantwortlich. Ebenso ist die Installation oder Verteilung von Viren oder anderen physischen oder logischen Systemen, die dem Portal schaden k\u00f6nnten, verboten.<\/p>\n<p>DATENSCHUTZ: Entsprechend der VERORDNUNG (EU) 2016\/679 DES EUROP\u00c4ISCHEN PARLAMENTS UND DES RATES VOM 27: APRIL 2016 ZUM SCHUTZ NAT\u00dcRLICHER PERSONEN BEI DER VERARBEITUNG PERSONENBEZOGENER DATEN, ZUM FREIEN DATENVERKEHR UND DES ORGANISCHEN GESETZES 3\/2018 VOM 5. DEZEMBER ZUM SCHUTZ VON PERS\u00d6NLICHEN DATEN UND DER GARANTIE DIGITALER RECHTE wird mitgeteilt, dass man sich als NUTZER DER INTERNETSEITE mit uns in Verbindung setzen kann \u00fcber die Mailadresse<u> info@grupopoliclinica.es<\/u> oder mit einem Brief an:<\/p>\n<p>CL\u00cdNICA VILAPARC, S.L.<\/p>\n<p>V\u00cdA ROMANA, S\/N, GEB. POLICL\u00cdNICA, 07800 IBIZA (ILLES BALEARS)<\/p>\n<p>BASISINFORMATIONEN \u00dcBER DEN DATENSCHUTZ<\/p>\n<table>\n<tbody>\n<tr>\n<td width=\"198\">Verantwortliche der Verarbeitung<\/td>\n<td>CL\u00cdNICA VILAPARC, S.L.<\/td>\n<\/tr>\n<tr>\n<td>Zweck der Verarbeitung<\/td>\n<td>&#8211; Anfragen \u00fcber die auf unserer Internetseite angebotenen Leistungen.<\/p>\n<p>&#8211; Treueaktionen, Versand von Werbeaktionen.<\/td>\n<\/tr>\n<tr>\n<td>Legitimation der Verarbeitung<\/td>\n<td>Einwilligung<\/td>\n<\/tr>\n<tr>\n<td>Empf\u00e4nger:<\/td>\n<td>Ihre Daten k\u00f6nnen an einige Lieferanten der CL\u00cdNICA VILAPARC, S.L. \u00fcbermittelt werden, die f\u00fcr uns Leistungen auf der Internetseite erbringen, und andere kooperierende Parteien, auf deren Internetseiten oder Handy-Apps wir unsere Leistungen anbieten. CL\u00cdNICA VILAPARC, S.L. verpflichtet sich, eine Vereinbarung mit ihnen zu schlie\u00dfen, in der sie sich verpflichten, die europ\u00e4ische Verordnung zum Datenschutz einzuhalten.<\/td>\n<\/tr>\n<tr>\n<td>Rechte:<\/td>\n<td>Unsere Nutzer haben das Recht darauf, ihre Daten aufzurufen, sie zu korrigieren, die Verarbeitung einzuschr\u00e4nken und sie zu l\u00f6schen, sowie andere Rechte, die in den zus\u00e4tzlichen Informationen aufgef\u00fchrt werden.<\/td>\n<\/tr>\n<\/tbody>\n<\/table>\n<p>ZUSATZINFORMATIONEN \u00dcBER DEN DATENSCHUTZ<\/p>\n<ol>\n<li><strong>VERANTWORTLICH<\/strong><\/li>\n<\/ol>\n<p>Verantwortlich f\u00fcr die Verarbeitung pers\u00f6nlicher Daten ist CL\u00cdNICA VILAPARC, S.L., die die Gesundheitsleistungen und andere Angebote \u00fcber unsere Internetseite erbringen.<\/p>\n<p>2. <strong>ZWECK DER VERARBEITUNG<\/strong><\/p>\n<p>Die Nutzerdaten, die wir auf <u>www.clinicavilaparc.es<\/u> (CL\u00cdNICA VILAPARC, S.L.) sammeln, sind n\u00f6tig, um auf Fragen zu antworten, die \u00fcber diese Internetseite gestellt worden sind. Daneben werden sie auch f\u00fcr Termine, Kostenvoranschl\u00e4ge, Werbeaktionen, Leistungen usw. verwendet.<\/p>\n<p>Unsere Nutzer \u00fcbermitteln uns freiwillig ihre Daten \u00fcber die Registrierung auf unserer Internetseite, das Anfrageformular oder durch Kontaktaufnahme mit CL\u00cdNICA VILAPARC, S.L.<\/p>\n<p>Wir verarbeiten Ihre Daten f\u00fcr die Erbringung der Gesundheitsleistungen und damit zusammenh\u00e4ngender Leistungen usw.<\/p>\n<p>In keinem Fall f\u00fchren wir automatische Entscheidungen ohne menschlichen Eingriff durch, es sei denn, dies wird ausdr\u00fccklich gew\u00fcnscht.<\/p>\n<p>3 <strong>LEGITIMATION DER VERARBEITUNG<\/strong><\/p>\n<p>Ihre Daten werden verarbeitet, um auf der Basis der von Ihnen gegebenen Einwilligung Ihre Internetanfragen zu beantworten. Bei einer Verweigerung der Datenverarbeitung k\u00f6nnen wir unsere Leistungen nicht erbringen.<\/p>\n<p>4 <strong>SPEICHERUNG<\/strong><\/p>\n<p>Auf <u>www.clinicavilaparc.es<\/u> (CL\u00cdNICA VILAPARC, S.L.) speichern wir Ihre Daten, solange wir sie f\u00fcr die Erbringung der Leistung ben\u00f6tigen oder bis Sie Ihre Einwilligung entsprechend den Regeln im Abschnitt \u201eRechte\u201c dieses Impressums widerrufen.<\/p>\n<p>5 <strong>EMPF\u00c4NGER<\/strong><\/p>\n<p>Ihre Daten k\u00f6nnen an einige Lieferanten der CL\u00cdNICA VILAPARC, S.L. \u00fcbermittelt werden, die einige Leistungen in Bezug auf die Internetseite erbringen. CL\u00cdNICA VILAPARC, S.L verpflichtet sich, eine Vereinbarung mit ihnen zu schlie\u00dfen, in der sie sich verpflichten, die europ\u00e4ische Verordnung zum Datenschutz einzuhalten. Diese Lieferanten d\u00fcrfen Ihre Daten nur nutzen, um die entsprechenden Leistungen zu erbringen. Daher d\u00fcrfen sie diese Informationen nicht f\u00fcr eigene Zwecke nutzen oder Dritten \u00fcbergeben.<\/p>\n<p>6 <strong>RECHTE<\/strong><\/p>\n<p>&#8211;\u00a0Recht auf Zugriff: Dieses Recht erlaubt Ihnen zu erfahren, welche pers\u00f6nlichen Daten die CL\u00cdNICA VILAPARC, S.L. als Verantwortlicher f\u00fcr die Datei oder die Verarbeitung von INTERNETANFRAGEN besitzt.<\/p>\n<p>&#8211;\u00a0Recht auf Korrektur: Dieses Recht erlaubt Ihnen, die Korrektur fehlerhafter Daten zu verlangen.<\/p>\n<p>&#8211;\u00a0Recht auf L\u00f6schen:\u00a0Dieses Recht erlaubt Ihnen, die L\u00f6schung Ihrer Daten zu verlangen, sobald sie f\u00fcr die Zwecke, f\u00fcr die sie gesammelt wurden, nicht mehr notwendig sind.<\/p>\n<p>&#8211;\u00a0Recht auf Einschr\u00e4nkung der Verarbeitung: Dieses Recht erlaubt Ihnen, den Verantwortlichen der Verarbeitung aufzufordern, die Verarbeitung der Daten zu stoppen, wenn a) Sie die Richtigkeit der Daten anzweifeln, w\u00e4hrend die Richtigkeit vom Verantwortlichen gepr\u00fcft wird, b) in F\u00e4llen, in denen Sie das Recht auf Widerspruch zur Verarbeitung von Daten aus\u00fcben, w\u00e4hrend vom Verantwortlichen gepr\u00fcft wird, ob die legitimen Motive \u00fcber denen des Verantwortlichen stehen. Dieses Recht erm\u00f6glicht Ihnen au\u00dferdem die Forderung, Ihre pers\u00f6nlichen Daten zu speichern, wenn a) die Verarbeitung der Daten illegal ist, aber Sie der L\u00f6schung der Daten widersprechen und stattdessen die Einschr\u00e4nkung der Verwendung beantragen oder b) wir Ihre Daten f\u00fcr die Zwecke der Verarbeitung nicht mehr ben\u00f6tigen, aber die betroffene Person diese f\u00fcr die Formulierung, Aus\u00fcbung oder Verteidigung von Anspr\u00fcchen ben\u00f6tigt.<\/p>\n<p>&#8211;\u00a0Recht auf Widerspruch: Dieses Recht erlaubt Ihnen, der Verarbeitung zu widersprechen, sobald dazu triftige Gr\u00fcnde vorliegen, die mit Ihrer pers\u00f6nlichen Situation zu tun haben oder Sie Aktionen zur kommerziellen Verfolgung ablehnen. Wir unterlassen die Verarbeitung der Daten, es sei denn, dass die Verarbeitung aus gesetzlichen Vorschriften oder zur Verteidigung m\u00f6glicher Reklamationen notwendig ist.<\/p>\n<p>&#8211;\u00a0Recht auf \u00dcbertragbarkeit der Daten: Dieses Recht erlaubt Ihnen, die \u00dcbertragung Ihrer Daten zu einem anderen Verantwortlichen f\u00fcr die Verarbeitung zu beantragen. Dieses Recht erlaubt Ihnen, Ihre pers\u00f6nlichen Daten in einer strukturierten Aufstellung, f\u00fcr allgemeinen Nutzen und maschinelle Lekt\u00fcre zu erhalten und sie einem anderen Verantwortlichen zu \u00fcbertragen, sofern dies technisch m\u00f6glich ist.<\/p>\n<p>&#8211;\u00a0Recht auf Widerruf der Einwilligung: Dieses Recht erlaubt Ihnen, die gegebene Einwilligung jederzeit zu widerrufen.<\/p>\n<p>Die Aus\u00fcbung dieses Rechts ist vollkommen kostenlos und frei.<\/p>\n<p>Die k\u00f6nnen Ihre Rechte aus\u00fcben mit einer Mail an <u>info@grupopoliclinica.es<\/u>\u00a0oder einem Brief an:<\/p>\n<p>CL\u00cdNICA VILAPARC, S.L.\u00a0\u00a0\u00a0\u00a0\u00a0\u00a0 Steuernr. B16629727<\/p>\n<p>V\u00cdA ROMANA, S\/N, GEB. POLICL\u00cdNICA, 07800 IBIZA (ILLES BALEARS).<\/p>\n<p>Ebenso k\u00f6nnen Sie jederzeit eine Reklamation bei der spanischen Datenschutzbeh\u00f6rde \u201eAgencia Espa\u00f1ola de Protecci\u00f3n de Datos\u201c <a href=\"http:\/\/www.aepd.es\" target=\"_blank\" rel=\"noopener\">www.aepd.es<\/a> vorlegen (wenn Sie erachten, dass die Verarbeitung der pers\u00f6nlichen Daten nicht an die Zwecke anpasst oder diese als unverh\u00e4ltnism\u00e4\u00dfig ansehen) oder einen Brief schreiben an: Jorge Juan, 6 28001 Madrid. 901 100 099 &#8211; 912 663 517.<\/p>\n<p>GEISTIGES EIGENTUM:\u00a0 <u>www.clinicavilaparc.es <\/u>(CL\u00cdNICA VILAPARC, S.L.) besitzt alle Rechte auf geistiges Eigentum dar\u00fcber, sowie deren Logos, Designs, es sind alle Rechte auf Nutzung vorbehalten. Entsprechend des K\u00f6niglichen Dekrets 1\/1996 vom 12 April, in dem der ge\u00e4nderte Text \u00fcber geistiges Eigentum verabschiedet wurde, das die geltenden gesetzlichen Regelungen \u00fcber dieses Thema regelt, kl\u00e4rt und harmonisiert. Die Reproduktion, Verbreitung des gesamten Inhalts dieser Internetseite oder eines Teils derselben zu kommerziellen Zwecken ist auf jedem Tr\u00e4ger oder technischen Medium ohne Genehmigung von\u00a0 <u>www.clinicavilaparc.es<\/u> (CL\u00cdNICA VILAPARC, S.L.) verboten. Ebenso wird das Recht auf \u00c4nderungen, die als notwendig erachtet werden, L\u00f6schen oder Hinzuf\u00fcgen von Inhalten im Portal vorbehalten. Wenn Verkn\u00fcpfungen oder Hyperlinks auf andere Internetseiten vorhanden sind, \u00fcbernimmt\u00a0 <u>www.clinicavilaparc.es<\/u> keine Verantwortung daf\u00fcr oder \u00fcberwacht die Inhalte dieser Seiten.<\/p>\n<p>VERANTWORTUNG UND GEW\u00c4HRLEISTUNGSAUSSCHLUSS:\u00a0 <u>www.clinicavilaparc.es<\/u> (CL\u00cdNICA VILAPARC, S.L.) \u00fcbernimmt in keinem Fall die Verantwortung f\u00fcr Sch\u00e4den und Nachteile, die sich aus einer zuf\u00e4lligen Verbreitung von Viren, fehlerhaften Inhalten, zeitweise nicht vorhandener Verf\u00fcgbarkeit des Portals usw. ergeben.<\/p>\n<p>AUSSCHLUSSRECHT:\u00a0 <u>www.clinicavilaparc.es<\/u> (CL\u00cdNICA VILAPARC, S.L.) beh\u00e4lt sich das Recht vor, das Recht auf Zugriff auf das Portal auf eigene Instanzen oder die Dritter ohne vorherige Ank\u00fcndigung den Nutzen zu verweigern oder diese zur\u00fcckzuziehen, die die allgemeinen Bedingungen des Portals nicht erf\u00fcllen.<\/p>\n<p>DAUER UND BEENDIGUNG: Die Erbringung der Leistungen des Portals und der weiteren Leistungen ist zun\u00e4chst unbegrenzt. Dieses Portal ist berechtigt, die Erbringung der Leistungen und\/oder aller seiner Leistungen jederzeit zu beenden oder zu unterbrechen, ohne R\u00fccksicht auf die entsprechenden allgemeinen Bedingungen zu nehmen.<\/p>\n<p>GESETZESGRUNDLAGE UND GERICHTSSTAND: Diese Internetseite mit der Domain\u00a0 <u>www.clinicavilaparc.es<\/u> (CL\u00cdNICA VILAPARC, S.L.) operiert auf dem nationalen Gebiet von Spanien unter Beachtung der geltenden Gesetze.<\/p>\n<p>Neben den in diesem Dokument erw\u00e4hnten Gesetzen wenden sich\u00a0 <u>www.clinicavilaparc.es<\/u> (CL\u00cdNICA VILAPARC, S.L.) und deren Nutzer bei Streitigkeiten an die Gerichtsbarkeit der ILLES BALEARS.<\/p>\n<p>Dieses Impressum und die Datenschutzrichtlinie k\u00f6nnen ge\u00e4ndert werden.<\/p>\n<p>&nbsp;<\/p>\n\t\t\t\t\t\t\t\t<\/div>\n\t\t\t\t<\/div>\n\t\t\t\t\t<\/div>\n\t\t<\/div>\n\t\t\t\t\t<\/div>\n\t\t<\/section>\n\t\t\t\t<\/div>\n\t\t","protected":false},"excerpt":{"rendered":"<p>Datenschutzbestimmungen BASISINFORMATIONEN \u00dcBER DEN DATENSCHUTZ Einverst\u00e4ndniserkl\u00e4rung (Datenschutz-Grundverordnung (EU) 2016\/679] VERANTWORTLICH: CL\u00cdNICA VILAPARC, S.L ZWECK: VORSTELLUNG VON UMFASSENDEN GESUNDHEITSLEISTUNGEN DER KLINIK, EMPFANG VON LEBENSL\u00c4UFEN UND KOMMUNIKATION FIRMENSITZ: V\u00cdA ROMANA, S\/N, GEB. POLICL\u00cdNICA, 07800 IBIZA (ILLES BALEARS). STEUERNR.: B16629727 LEGITIMIERUNG: EINWILLIGUNG INTERESSIERTER PERSONEN\/GESETZLICHE VERPFLICHTUNG. Es werden nur die pers\u00f6nlichen Daten gesammelt, die Sie freiwillig preisgeben wollen. Wir [&hellip;]<\/p>\n","protected":false},"author":1,"featured_media":0,"parent":0,"menu_order":0,"comment_status":"closed","ping_status":"closed","template":"","meta":{"site-sidebar-layout":"no-sidebar","site-content-layout":"page-builder","ast-site-content-layout":"default","site-content-style":"default","site-sidebar-style":"default","ast-global-header-display":"","ast-banner-title-visibility":"","ast-main-header-display":"","ast-hfb-above-header-display":"","ast-hfb-below-header-display":"","ast-hfb-mobile-header-display":"","site-post-title":"disabled","ast-breadcrumbs-content":"","ast-featured-img":"disabled","footer-sml-layout":"","ast-disable-related-posts":"","theme-transparent-header-meta":"","adv-header-id-meta":"","stick-header-meta":"","header-above-stick-meta":"","header-main-stick-meta":"","header-below-stick-meta":"","astra-migrate-meta-layouts":"default","ast-page-background-enabled":"default","ast-page-background-meta":{"desktop":{"background-color":"var(--ast-global-color-4)","background-image":"","background-repeat":"repeat","background-position":"center center","background-size":"auto","background-attachment":"scroll","background-type":"","background-media":"","overlay-type":"","overlay-color":"","overlay-opacity":"","overlay-gradient":""},"tablet":{"background-color":"","background-image":"","background-repeat":"repeat","background-position":"center center","background-size":"auto","background-attachment":"scroll","background-type":"","background-media":"","overlay-type":"","overlay-color":"","overlay-opacity":"","overlay-gradient":""},"mobile":{"background-color":"","background-image":"","background-repeat":"repeat","background-position":"center center","background-size":"auto","background-attachment":"scroll","background-type":"","background-media":"","overlay-type":"","overlay-color":"","overlay-opacity":"","overlay-gradient":""}},"ast-content-background-meta":{"desktop":{"background-color":"var(--ast-global-color-5)","background-image":"","background-repeat":"repeat","background-position":"center center","background-size":"auto","background-attachment":"scroll","background-type":"","background-media":"","overlay-type":"","overlay-color":"","overlay-opacity":"","overlay-gradient":""},"tablet":{"background-color":"var(--ast-global-color-5)","background-image":"","background-repeat":"repeat","background-position":"center center","background-size":"auto","background-attachment":"scroll","background-type":"","background-media":"","overlay-type":"","overlay-color":"","overlay-opacity":"","overlay-gradient":""},"mobile":{"background-color":"var(--ast-global-color-5)","background-image":"","background-repeat":"repeat","background-position":"center center","background-size":"auto","background-attachment":"scroll","background-type":"","background-media":"","overlay-type":"","overlay-color":"","overlay-opacity":"","overlay-gradient":""}},"footnotes":""},"class_list":["post-1261","page","type-page","status-publish","hentry"],"_links":{"self":[{"href":"https:\/\/clinicavilaparc.es\/de\/wp-json\/wp\/v2\/pages\/1261","targetHints":{"allow":["GET"]}}],"collection":[{"href":"https:\/\/clinicavilaparc.es\/de\/wp-json\/wp\/v2\/pages"}],"about":[{"href":"https:\/\/clinicavilaparc.es\/de\/wp-json\/wp\/v2\/types\/page"}],"author":[{"embeddable":true,"href":"https:\/\/clinicavilaparc.es\/de\/wp-json\/wp\/v2\/users\/1"}],"replies":[{"embeddable":true,"href":"https:\/\/clinicavilaparc.es\/de\/wp-json\/wp\/v2\/comments?post=1261"}],"version-history":[{"count":0,"href":"https:\/\/clinicavilaparc.es\/de\/wp-json\/wp\/v2\/pages\/1261\/revisions"}],"wp:attachment":[{"href":"https:\/\/clinicavilaparc.es\/de\/wp-json\/wp\/v2\/media?parent=1261"}],"curies":[{"name":"wp","href":"https:\/\/api.w.org\/{rel}","templated":true}]}}