{"id":11075,"date":"2025-12-09T07:41:17","date_gmt":"2025-12-09T06:41:17","guid":{"rendered":"https:\/\/clinicavilaparc.es\/leistungen\/nuklearmedizin\/spect-ct\/"},"modified":"2025-12-17T08:09:22","modified_gmt":"2025-12-17T07:09:22","slug":"spect-ct","status":"publish","type":"page","link":"https:\/\/clinicavilaparc.es\/de\/leistungen\/nuklearmedizin\/spect-ct\/","title":{"rendered":"SPECT\u2011CT"},"content":{"rendered":"\t\t<div data-elementor-type=\"wp-page\" data-elementor-id=\"11075\" class=\"elementor elementor-11075 elementor-11018\" data-elementor-post-type=\"page\">\n\t\t\t\t\t\t<section class=\"elementor-section elementor-top-section elementor-element elementor-element-e358b35 elementor-section-boxed elementor-section-height-default elementor-section-height-default\" data-id=\"e358b35\" data-element_type=\"section\" data-e-type=\"section\" data-settings=\"{&quot;background_background&quot;:&quot;classic&quot;}\">\n\t\t\t\t\t\t\t<div class=\"elementor-background-overlay\"><\/div>\n\t\t\t\t\t\t\t<div class=\"elementor-container elementor-column-gap-default\">\n\t\t\t\t\t<div class=\"elementor-column elementor-col-100 elementor-top-column elementor-element elementor-element-0d8bb7e\" data-id=\"0d8bb7e\" data-element_type=\"column\" data-e-type=\"column\">\n\t\t\t<div class=\"elementor-widget-wrap elementor-element-populated\">\n\t\t\t\t\t\t<div class=\"elementor-element elementor-element-908c2af elementor-widget elementor-widget-heading\" data-id=\"908c2af\" data-element_type=\"widget\" data-e-type=\"widget\" data-widget_type=\"heading.default\">\n\t\t\t\t<div class=\"elementor-widget-container\">\n\t\t\t\t\t<h1 class=\"elementor-heading-title elementor-size-xxl\">SPECT\u2011CT <\/h1>\t\t\t\t<\/div>\n\t\t\t\t<\/div>\n\t\t\t\t<div class=\"elementor-element elementor-element-383acd4 elementor-widget-divider--view-line elementor-invisible elementor-widget elementor-widget-divider\" data-id=\"383acd4\" data-element_type=\"widget\" data-e-type=\"widget\" data-settings=\"{&quot;_animation&quot;:&quot;bounceInUp&quot;}\" data-widget_type=\"divider.default\">\n\t\t\t\t<div class=\"elementor-widget-container\">\n\t\t\t\t\t\t\t<div class=\"elementor-divider\">\n\t\t\t<span class=\"elementor-divider-separator\">\n\t\t\t\t\t\t<\/span>\n\t\t<\/div>\n\t\t\t\t\t\t<\/div>\n\t\t\t\t<\/div>\n\t\t\t\t\t<\/div>\n\t\t<\/div>\n\t\t\t\t\t<\/div>\n\t\t<\/section>\n\t\t\t\t<section class=\"elementor-section elementor-top-section elementor-element elementor-element-3355be3 elementor-section-boxed elementor-section-height-default elementor-section-height-default\" data-id=\"3355be3\" data-element_type=\"section\" data-e-type=\"section\">\n\t\t\t\t\t\t<div class=\"elementor-container elementor-column-gap-default\">\n\t\t\t\t\t<div class=\"elementor-column elementor-col-100 elementor-top-column elementor-element elementor-element-f8a599b\" data-id=\"f8a599b\" data-element_type=\"column\" data-e-type=\"column\">\n\t\t\t<div class=\"elementor-widget-wrap elementor-element-populated\">\n\t\t\t\t\t\t<div class=\"elementor-element elementor-element-377031f elementor-widget elementor-widget-text-editor\" data-id=\"377031f\" data-element_type=\"widget\" data-e-type=\"widget\" data-widget_type=\"text-editor.default\">\n\t\t\t\t<div class=\"elementor-widget-container\">\n\t\t\t\t\t\t\t\t\t<p><strong>SPECT-CT in der Cl\u00ednica Vila Parc: Pr\u00e4zision, Sicherheit und Komfort in Ihrer N\u00e4he<\/strong><\/p>\n<p><strong>Was ist SPECT-CT?<\/strong><\/p>\n<p>SPECT-CT (Single Photon Emission Computed Tomography + Computertomographie) kombiniert die funktionellen Informationen einer SPECT-Gammakamera mit den anatomischen Bildern eines herk\u00f6mmlichen CT-Scanners. Das Ergebnis ist eine Hybriduntersuchung, die ein Ma\u00df an Detailgenauigkeit, anatomischer Lokalisierung und diagnostischer Definition bietet, das weit \u00fcber das der traditionellen Gammagraphie hinausgeht.<\/p>\n<p>Dank dieser Kombination k\u00f6nnen Spezialisten hochpr\u00e4zise 3D-Bilder erhalten, die Funktion und Struktur miteinander verbinden, was die Sensitivit\u00e4t und Spezifit\u00e4t der Diagnose erheblich verbessert.<\/p>\n<p><strong>Wozu dient SPECT-CT?<\/strong><\/p>\n<p>Die Flexibilit\u00e4t von SPECT-CT macht es in vielen Fachbereichen sowohl bei Erwachsenen als auch bei Kindern einsetzbar: Onkologie, Kardiologie, Neurologie, Endokrinologie, Nephrologie, Orthop\u00e4die und mehr. Es erm\u00f6glicht:<\/p>\n<ul>\n<li>Erkennung von Krebserkrankungen, Lokalisierung von Tumoren und Metastasen.<\/li>\n<li>Bewertung von Herzerkrankungen (Myokarddurchblutung, Lebensf\u00e4higkeit, Isch\u00e4mie).<\/li>\n<li>Diagnose von Knochen-, Gelenk- oder Stoffwechselerkrankungen.<\/li>\n<li>Untersuchung von neurologischen Erkrankungen oder Erkrankungen des zentralen Nervensystems.<\/li>\n<li>Durchf\u00fchrung von Untersuchungen der Nieren, der Schilddr\u00fcse, des endokrinen Systems oder von Infektionen\/Entz\u00fcndungen, wenn dies angezeigt ist.<\/li>\n<\/ul>\n<p><strong>Vorteile von SPECT-CT in unserer Klinik<\/strong><\/p>\n<p>Pr\u00e4zisere Diagnose: Die Fusion von funktionellen und anatomischen Bildern reduziert falsch-positive\/negativ Ergebnisse und verbessert die Lokalisierung von L\u00e4sionen.<\/p>\n<p>Komfort und Sicherheit: Der Test wird ambulant durchgef\u00fchrt, ist minimal invasiv \u2013 in der Regel nur eine Injektion des Radiopharmakons \u2013 und erfordert keinen Krankenhausaufenthalt.<\/p>\n<p>Umfassende diagnostische Abdeckung: von h\u00e4ufigen Erkrankungen bis hin zu komplexen Pathologien, mit der M\u00f6glichkeit, Funktionalit\u00e4t, Struktur und Verlauf zu beurteilen.<\/p>\n<p>Exklusiv auf Ibiza und Formentera: Die Patienten m\u00fcssen die Insel nicht verlassen, um Zugang zu Spitzentechnologie zu erhalten.<\/p>\n<p><strong>Durchf\u00fchrung des SPECT-CT-Tests<\/strong><\/p>\n<p>Der Patient erh\u00e4lt die f\u00fcr die jeweilige Untersuchung vorgesehene Injektion des Radiopharmakons.<\/p>\n<p>Nach einer Wartezeit, die erforderlich ist, damit sich das Radiopharmakon richtig verteilt, wird die Untersuchung mit dem SPECT-CT-Ger\u00e4t durchgef\u00fchrt.<\/p>\n<p>Der Test ist ambulant, minimal invasiv und wird unter Einhaltung aller Sicherheits- und Komfortma\u00dfnahmen durchgef\u00fchrt.<\/p>\n<p>Die Spezialisten f\u00fcr Nuklearmedizin werten die Bilder aus und erstellen einen detaillierten Bericht, den Ihr Arzt zur Planung der Behandlung oder Nachsorge verwendet.<\/p>\n<p><strong>Unser Engagement<\/strong><\/p>\n<p>In der Cl\u00ednica Vila Parc bieten wir eine Referenzversorgung auf Ibiza und Formentera. Mit SPECT-CT bekr\u00e4ftigen wir unser Engagement f\u00fcr Innovation, diagnostische Pr\u00e4zision, Patientenn\u00e4he und pers\u00f6nliche Betreuung. Jeder Mensch verdient die besten Gesundheitsressourcen, ohne die Insel verlassen zu m\u00fcssen.<\/p>\n<p>Kontaktieren Sie uns f\u00fcr weitere Informationen oder um einen Termin zu vereinbaren: Wir helfen Ihnen gerne weiter.<\/p>\n\t\t\t\t\t\t\t\t<\/div>\n\t\t\t\t<\/div>\n\t\t\t\t<div class=\"elementor-element elementor-element-4bf1f30 elementor-widget elementor-widget-gallery\" data-id=\"4bf1f30\" data-element_type=\"widget\" data-e-type=\"widget\" data-settings=\"{&quot;columns&quot;:3,&quot;overlay_title&quot;:&quot;caption&quot;,&quot;lazyload&quot;:&quot;yes&quot;,&quot;gallery_layout&quot;:&quot;grid&quot;,&quot;columns_tablet&quot;:2,&quot;columns_mobile&quot;:1,&quot;gap&quot;:{&quot;unit&quot;:&quot;px&quot;,&quot;size&quot;:10,&quot;sizes&quot;:[]},&quot;gap_tablet&quot;:{&quot;unit&quot;:&quot;px&quot;,&quot;size&quot;:10,&quot;sizes&quot;:[]},&quot;gap_mobile&quot;:{&quot;unit&quot;:&quot;px&quot;,&quot;size&quot;:10,&quot;sizes&quot;:[]},&quot;link_to&quot;:&quot;file&quot;,&quot;aspect_ratio&quot;:&quot;3:2&quot;,&quot;overlay_background&quot;:&quot;yes&quot;,&quot;content_hover_animation&quot;:&quot;fade-in&quot;}\" data-widget_type=\"gallery.default\">\n\t\t\t\t<div class=\"elementor-widget-container\">\n\t\t\t\t\t\t\t<div class=\"elementor-gallery__container\">\n\t\t\t\t\t\t\t<a class=\"e-gallery-item elementor-gallery-item elementor-animated-content\" href=\"https:\/\/clinicavilaparc.es\/wp-content\/uploads\/2025\/12\/SPECT-1.jpg\" data-elementor-open-lightbox=\"yes\" data-elementor-lightbox-slideshow=\"4bf1f30\" data-elementor-lightbox-title=\"SPECT 1\" data-e-action-hash=\"#elementor-action%3Aaction%3Dlightbox%26settings%3DeyJpZCI6MTEwMzIsInVybCI6Imh0dHBzOlwvXC9jbGluaWNhdmlsYXBhcmMuZXNcL3dwLWNvbnRlbnRcL3VwbG9hZHNcLzIwMjVcLzEyXC9TUEVDVC0xLmpwZyIsInNsaWRlc2hvdyI6IjRiZjFmMzAifQ%3D%3D\">\n\t\t\t\t\t<div class=\"e-gallery-image elementor-gallery-item__image\" data-thumbnail=\"https:\/\/clinicavilaparc.es\/wp-content\/uploads\/2025\/12\/SPECT-1-300x187.jpg\" data-width=\"300\" data-height=\"187\" aria-label=\"\" role=\"img\" ><\/div>\n\t\t\t\t\t\t\t\t\t\t\t<div class=\"elementor-gallery-item__overlay\"><\/div>\n\t\t\t\t\t\t\t\t\t\t\t\t\t\t\t<div class=\"elementor-gallery-item__content\">\n\t\t\t\t\t\t\t\t\t\t\t<\/div>\n\t\t\t\t\t\t\t\t\t<\/a>\n\t\t\t\t\t\t\t<a class=\"e-gallery-item elementor-gallery-item elementor-animated-content\" href=\"https:\/\/clinicavilaparc.es\/wp-content\/uploads\/2025\/12\/spect-2.jpg\" data-elementor-open-lightbox=\"yes\" data-elementor-lightbox-slideshow=\"4bf1f30\" data-elementor-lightbox-title=\"spect 2\" data-e-action-hash=\"#elementor-action%3Aaction%3Dlightbox%26settings%3DeyJpZCI6MTEwMzYsInVybCI6Imh0dHBzOlwvXC9jbGluaWNhdmlsYXBhcmMuZXNcL3dwLWNvbnRlbnRcL3VwbG9hZHNcLzIwMjVcLzEyXC9zcGVjdC0yLmpwZyIsInNsaWRlc2hvdyI6IjRiZjFmMzAifQ%3D%3D\">\n\t\t\t\t\t<div class=\"e-gallery-image elementor-gallery-item__image\" data-thumbnail=\"https:\/\/clinicavilaparc.es\/wp-content\/uploads\/2025\/12\/spect-2-300x200.jpg\" data-width=\"300\" data-height=\"200\" aria-label=\"\" role=\"img\" ><\/div>\n\t\t\t\t\t\t\t\t\t\t\t<div class=\"elementor-gallery-item__overlay\"><\/div>\n\t\t\t\t\t\t\t\t\t\t\t\t\t\t\t<div class=\"elementor-gallery-item__content\">\n\t\t\t\t\t\t\t\t\t\t\t<\/div>\n\t\t\t\t\t\t\t\t\t<\/a>\n\t\t\t\t\t\t\t<a class=\"e-gallery-item elementor-gallery-item elementor-animated-content\" href=\"https:\/\/clinicavilaparc.es\/wp-content\/uploads\/2025\/12\/SPECT-3.jpg\" data-elementor-open-lightbox=\"yes\" data-elementor-lightbox-slideshow=\"4bf1f30\" data-elementor-lightbox-title=\"SPECT 3\" data-e-action-hash=\"#elementor-action%3Aaction%3Dlightbox%26settings%3DeyJpZCI6MTEwNDAsInVybCI6Imh0dHBzOlwvXC9jbGluaWNhdmlsYXBhcmMuZXNcL3dwLWNvbnRlbnRcL3VwbG9hZHNcLzIwMjVcLzEyXC9TUEVDVC0zLmpwZyIsInNsaWRlc2hvdyI6IjRiZjFmMzAifQ%3D%3D\">\n\t\t\t\t\t<div class=\"e-gallery-image elementor-gallery-item__image\" data-thumbnail=\"https:\/\/clinicavilaparc.es\/wp-content\/uploads\/2025\/12\/SPECT-3-300x191.jpg\" data-width=\"300\" data-height=\"191\" aria-label=\"\" role=\"img\" ><\/div>\n\t\t\t\t\t\t\t\t\t\t\t<div class=\"elementor-gallery-item__overlay\"><\/div>\n\t\t\t\t\t\t\t\t\t\t\t\t\t\t\t<div class=\"elementor-gallery-item__content\">\n\t\t\t\t\t\t\t\t\t\t\t<\/div>\n\t\t\t\t\t\t\t\t\t<\/a>\n\t\t\t\t\t<\/div>\n\t\t\t\t\t<\/div>\n\t\t\t\t<\/div>\n\t\t\t\t\t<\/div>\n\t\t<\/div>\n\t\t\t\t\t<\/div>\n\t\t<\/section>\n\t\t\t\t<\/div>\n\t\t","protected":false},"excerpt":{"rendered":"<p>SPECT\u2011CT SPECT-CT in der Cl\u00ednica Vila Parc: Pr\u00e4zision, Sicherheit und Komfort in Ihrer N\u00e4he Was ist SPECT-CT? SPECT-CT (Single Photon Emission Computed Tomography + Computertomographie) kombiniert die funktionellen Informationen einer SPECT-Gammakamera mit den anatomischen Bildern eines herk\u00f6mmlichen CT-Scanners. Das Ergebnis ist eine Hybriduntersuchung, die ein Ma\u00df an Detailgenauigkeit, anatomischer Lokalisierung und diagnostischer Definition bietet, das [&hellip;]<\/p>\n","protected":false},"author":1,"featured_media":11035,"parent":3366,"menu_order":0,"comment_status":"closed","ping_status":"closed","template":"","meta":{"site-sidebar-layout":"no-sidebar","site-content-layout":"page-builder","ast-site-content-layout":"full-width-container","site-content-style":"default","site-sidebar-style":"default","ast-global-header-display":"","ast-banner-title-visibility":"","ast-main-header-display":"","ast-hfb-above-header-display":"","ast-hfb-below-header-display":"","ast-hfb-mobile-header-display":"","site-post-title":"disabled","ast-breadcrumbs-content":"","ast-featured-img":"disabled","footer-sml-layout":"","ast-disable-related-posts":"","theme-transparent-header-meta":"","adv-header-id-meta":"","stick-header-meta":"","header-above-stick-meta":"","header-main-stick-meta":"","header-below-stick-meta":"","astra-migrate-meta-layouts":"default","ast-page-background-enabled":"default","ast-page-background-meta":{"desktop":{"background-color":"var(--ast-global-color-4)","background-image":"","background-repeat":"repeat","background-position":"center center","background-size":"auto","background-attachment":"scroll","background-type":"","background-media":"","overlay-type":"","overlay-color":"","overlay-opacity":"","overlay-gradient":""},"tablet":{"background-color":"","background-image":"","background-repeat":"repeat","background-position":"center center","background-size":"auto","background-attachment":"scroll","background-type":"","background-media":"","overlay-type":"","overlay-color":"","overlay-opacity":"","overlay-gradient":""},"mobile":{"background-color":"","background-image":"","background-repeat":"repeat","background-position":"center center","background-size":"auto","background-attachment":"scroll","background-type":"","background-media":"","overlay-type":"","overlay-color":"","overlay-opacity":"","overlay-gradient":""}},"ast-content-background-meta":{"desktop":{"background-color":"var(--ast-global-color-5)","background-image":"","background-repeat":"repeat","background-position":"center center","background-size":"auto","background-attachment":"scroll","background-type":"","background-media":"","overlay-type":"","overlay-color":"","overlay-opacity":"","overlay-gradient":""},"tablet":{"background-color":"var(--ast-global-color-5)","background-image":"","background-repeat":"repeat","background-position":"center center","background-size":"auto","background-attachment":"scroll","background-type":"","background-media":"","overlay-type":"","overlay-color":"","overlay-opacity":"","overlay-gradient":""},"mobile":{"background-color":"var(--ast-global-color-5)","background-image":"","background-repeat":"repeat","background-position":"center center","background-size":"auto","background-attachment":"scroll","background-type":"","background-media":"","overlay-type":"","overlay-color":"","overlay-opacity":"","overlay-gradient":""}},"footnotes":""},"class_list":["post-11075","page","type-page","status-publish","has-post-thumbnail","hentry"],"_links":{"self":[{"href":"https:\/\/clinicavilaparc.es\/de\/wp-json\/wp\/v2\/pages\/11075","targetHints":{"allow":["GET"]}}],"collection":[{"href":"https:\/\/clinicavilaparc.es\/de\/wp-json\/wp\/v2\/pages"}],"about":[{"href":"https:\/\/clinicavilaparc.es\/de\/wp-json\/wp\/v2\/types\/page"}],"author":[{"embeddable":true,"href":"https:\/\/clinicavilaparc.es\/de\/wp-json\/wp\/v2\/users\/1"}],"replies":[{"embeddable":true,"href":"https:\/\/clinicavilaparc.es\/de\/wp-json\/wp\/v2\/comments?post=11075"}],"version-history":[{"count":0,"href":"https:\/\/clinicavilaparc.es\/de\/wp-json\/wp\/v2\/pages\/11075\/revisions"}],"up":[{"embeddable":true,"href":"https:\/\/clinicavilaparc.es\/de\/wp-json\/wp\/v2\/pages\/3366"}],"wp:featuredmedia":[{"embeddable":true,"href":"https:\/\/clinicavilaparc.es\/de\/wp-json\/wp\/v2\/media\/11035"}],"wp:attachment":[{"href":"https:\/\/clinicavilaparc.es\/de\/wp-json\/wp\/v2\/media?parent=11075"}],"curies":[{"name":"wp","href":"https:\/\/api.w.org\/{rel}","templated":true}]}}