{"id":1023,"date":"2022-07-15T05:26:41","date_gmt":"2022-07-15T05:26:41","guid":{"rendered":"https:\/\/clinicavilaparc.es\/politica-de-calidad\/"},"modified":"2023-09-25T05:51:41","modified_gmt":"2023-09-25T05:51:41","slug":"politica-de-calidad","status":"publish","type":"page","link":"https:\/\/clinicavilaparc.es\/de\/politica-de-calidad\/","title":{"rendered":"Pol\u00edtica de Calidad"},"content":{"rendered":"\t\t<div data-elementor-type=\"wp-page\" data-elementor-id=\"1023\" class=\"elementor elementor-1023 elementor-990\" data-elementor-post-type=\"page\">\n\t\t\t\t\t\t<section class=\"elementor-section elementor-top-section elementor-element elementor-element-500d540 elementor-section-boxed elementor-section-height-default elementor-section-height-default\" data-id=\"500d540\" data-element_type=\"section\" data-e-type=\"section\" data-settings=\"{&quot;background_background&quot;:&quot;classic&quot;}\">\n\t\t\t\t\t\t\t<div class=\"elementor-background-overlay\"><\/div>\n\t\t\t\t\t\t\t<div class=\"elementor-container elementor-column-gap-default\">\n\t\t\t\t\t<div class=\"elementor-column elementor-col-100 elementor-top-column elementor-element elementor-element-102e6b6\" data-id=\"102e6b6\" data-element_type=\"column\" data-e-type=\"column\">\n\t\t\t<div class=\"elementor-widget-wrap elementor-element-populated\">\n\t\t\t\t\t\t<div class=\"elementor-element elementor-element-1e5a46b elementor-widget elementor-widget-heading\" data-id=\"1e5a46b\" data-element_type=\"widget\" data-e-type=\"widget\" data-widget_type=\"heading.default\">\n\t\t\t\t<div class=\"elementor-widget-container\">\n\t\t\t\t\t<h1 class=\"elementor-heading-title elementor-size-xxl\">Qualit\u00e4tspolitik<\/h1>\t\t\t\t<\/div>\n\t\t\t\t<\/div>\n\t\t\t\t<div class=\"elementor-element elementor-element-9c69812 elementor-widget-divider--view-line elementor-invisible elementor-widget elementor-widget-divider\" data-id=\"9c69812\" data-element_type=\"widget\" data-e-type=\"widget\" data-settings=\"{&quot;_animation&quot;:&quot;bounceInUp&quot;}\" data-widget_type=\"divider.default\">\n\t\t\t\t<div class=\"elementor-widget-container\">\n\t\t\t\t\t\t\t<div class=\"elementor-divider\">\n\t\t\t<span class=\"elementor-divider-separator\">\n\t\t\t\t\t\t<\/span>\n\t\t<\/div>\n\t\t\t\t\t\t<\/div>\n\t\t\t\t<\/div>\n\t\t\t\t\t<\/div>\n\t\t<\/div>\n\t\t\t\t\t<\/div>\n\t\t<\/section>\n\t\t\t\t<section class=\"elementor-section elementor-top-section elementor-element elementor-element-4edb406 elementor-section-boxed elementor-section-height-default elementor-section-height-default\" data-id=\"4edb406\" data-element_type=\"section\" data-e-type=\"section\">\n\t\t\t\t\t\t<div class=\"elementor-container elementor-column-gap-default\">\n\t\t\t\t\t<div class=\"elementor-column elementor-col-100 elementor-top-column elementor-element elementor-element-a72dc96\" data-id=\"a72dc96\" data-element_type=\"column\" data-e-type=\"column\">\n\t\t\t<div class=\"elementor-widget-wrap elementor-element-populated\">\n\t\t\t\t\t\t<div class=\"elementor-element elementor-element-a56e1a9 elementor-widget elementor-widget-text-editor\" data-id=\"a56e1a9\" data-element_type=\"widget\" data-e-type=\"widget\" data-widget_type=\"text-editor.default\">\n\t\t\t\t<div class=\"elementor-widget-container\">\n\t\t\t\t\t\t\t\t\t<p><strong><em>Die Grupo Policl\u00ednica ist eine f\u00fchrende Firmengruppe f\u00fcr medizinische Dienste\u00a0<\/em><\/strong><em>seit 1969.<\/em><\/p>\n<p>Mit mehr als 50 Jahren im Dienste der B\u00fcrger Ibizas und Formenteras lag unser Hauptinteresse stets auf der Anwendung modernster Technologien zusammen mit einem hervorragenden medizinischen Personal und einer herzlichen und pers\u00f6nlichen Behandlung jedes Patienten.<\/p>\n<p>Wir halten uns an Verfahren zur Sicherheit und Pflegequalit\u00e4t, die sich an die Notwendigkeiten und Erwartungen unserer Patienten richten.<\/p>\n<p>F\u00fcr dieses Ziel hat die\u00a0<strong>Grupo Policl\u00ednica<\/strong>\u00a0(bestehend aus Policl\u00ednica Ntra. Sra. del Rosario, Eiviconsulta, Cl\u00ednica Vila Parc, Logprosa und Cl\u00ednica Premium-Cl\u00ednica Vila Parc) folgende Prinzipien definiert und sich zu deren Einhaltung verpflichtet:<\/p>\n<ol>\n<li>Unsere Pflegeleistung konzentriert sich auf unsere Patienten und wir k\u00fcmmern uns um ihre Sicherheit und Erf\u00fcllung ihrer Erwartungen.<\/li>\n<li>Wir streben st\u00e4ndig danach, die Qualit\u00e4t unserer Leistungen \u00fcber verschiedene Klinikkommissionen zu steigern, die unsere Daten analysieren, und uns dar\u00fcber informieren, in welchen Gebieten wir uns verbessern k\u00f6nnen.<\/li>\n<li>Wir erf\u00fcllen die gesetzlichen Anforderungen und geltenden Normen der Branche \u00fcber die Kommission f\u00fcr Pflegedienstethik und Risikovermeidung.<\/li>\n<li><strong>Grupo Policl\u00ednica<\/strong>\u00a0bietet die berufliche Entwicklung der Personen, die f\u00fcr uns arbeiten, als einen unentbehrlichen Antrieb f\u00fcr Innovation und Wissen. Daher geh\u00f6ren Weiterbildung und Wiederholung zu unseren Hauptzielen.<\/li>\n<li>Wir halten es f\u00fcr sehr wichtig, unseren Patienten moderne, innovative Ger\u00e4te zu bieten, die sich an den technischen Fortschritt anpassen.<\/li>\n<li>Unser pers\u00f6nlicher Service f\u00fcr unsere Patienten erm\u00f6glicht es uns, zu einer Referenz f\u00fcr den Medizintourismus und jederzeit freundlich und herzlich zu sein. Nach diesem Prinzip wollen wir unseren Kunden mit N\u00e4he, Verantwortung, Vertrauen, Ehrlichkeit\/Transparenz, menschlicher W\u00e4rme, Respekt, Ethik, \u00dcberwindung, Anstrengung, Vertraulichkeit und Nachhaltigkeit die Werte und Eckpfeiler unserer Organisation vermitteln Unsere St\u00e4rke ist es, wie Patienten zu denken.<\/li>\n<li>Die\u00a0<strong>Grupo Policl\u00ednica<\/strong>\u00a0trifft medizinische Entscheidungen auf einer Methodik, deren Basis wissenschaftliche Tatsachen sind. Sie wendet wissentlich, vern\u00fcnftig und bewusst die besten Testverfahren der Forschung an, um Entscheidungen \u00fcber die Gesundheit unserer Patienten zu treffen.<\/li>\n<li>Die Grupo Policl\u00ednica bietet ihren Patienten und Kunden pers\u00f6nliche, sichere und individuelle Transportdienste an, die sich nach deren Anforderungen, W\u00fcnschen und Erwartungen richten.<\/li>\n<\/ol>\n<p>Unsere Qualit\u00e4tspolitik, die den Rahmen f\u00fcr die Definition und Pr\u00fcfung der Qualit\u00e4ts- und Strategieziele sind, ist eingef\u00fchrt, aktuell und allen unseren Angestellten bekannt.<\/p>\n<p><strong>IHRE MEINUNG Z\u00c4HLT. BEWERTEN SIE UNS!<\/strong><\/p>\n<p>Z\u00f6gern Sie nicht, uns alle Ihre Vorschl\u00e4ge und Kommentare mitzuteilen.<\/p>\n<p>Sie k\u00f6nnen das tun mit:<\/p>\n<ul>\n<li>einer Mail an\u00a0<a href=\"mailto:calidad@grupopoliclinica.es\">calidad@grupopoliclinica.es<\/a><\/li>\n<li>einem Besuch des Abschnitts \u201eBewerten Sie uns\u201c auf unserer Internetseite\u00a0<a href=\"https:\/\/www.grupopoliclinica.es\/\" target=\"_blank\" rel=\"noopener\"><strong>grupopoliclinica.es\u00a0<\/strong><\/a>(, die Sie \u00fcber den Touch-Screen in Ihrem Zimmer aufrufen k\u00f6nnen).<\/li>\n<li>einem Brief, den Sie in den Briefkasten an der Hauptrezeption und auf der 3. Etage im Wartebereich der Intensivstation einwerfen k\u00f6nnen.<\/li>\n<li>\u00fcber unsere APP, die Sie in Google Play (f\u00fcr Android) oder im Apple Store (f\u00fcr Iphone) herunterladen k\u00f6nnen.<\/li>\n<\/ul>\n<p>Denken Sie daran, dass\u00a0<strong>eine Minute<\/strong>\u00a0Ihrer Zeit uns helfen kann, Ihren Aufenthalt zu verbessern.<\/p>\n\t\t\t\t\t\t\t\t<\/div>\n\t\t\t\t<\/div>\n\t\t\t\t<div class=\"elementor-element elementor-element-19a50c6 elementor-align-center elementor-widget elementor-widget-button\" data-id=\"19a50c6\" data-element_type=\"widget\" data-e-type=\"widget\" data-widget_type=\"button.default\">\n\t\t\t\t<div class=\"elementor-widget-container\">\n\t\t\t\t\t\t\t\t\t<div class=\"elementor-button-wrapper\">\n\t\t\t\t\t<a class=\"elementor-button elementor-button-link elementor-size-sm\" href=\"https:\/\/www.grupopoliclinica.es\/wp-content\/uploads\/C%C3%B3digo-%C3%89tico-de-Policl%C3%ADnica-Ntra.-Sra.-del-Rosario.pdf\" target=\"_blank\" rel=\"noopener\">\n\t\t\t\t\t\t<span class=\"elementor-button-content-wrapper\">\n\t\t\t\t\t\t\t\t\t<span class=\"elementor-button-text\">Ethikkodex der Poliklinik Ntra. Sra. Del Rosario<\/span>\n\t\t\t\t\t<\/span>\n\t\t\t\t\t<\/a>\n\t\t\t\t<\/div>\n\t\t\t\t\t\t\t\t<\/div>\n\t\t\t\t<\/div>\n\t\t\t\t\t<\/div>\n\t\t<\/div>\n\t\t\t\t\t<\/div>\n\t\t<\/section>\n\t\t\t\t<\/div>\n\t\t","protected":false},"excerpt":{"rendered":"<p>Qualit\u00e4tspolitik Die Grupo Policl\u00ednica ist eine f\u00fchrende Firmengruppe f\u00fcr medizinische Dienste\u00a0seit 1969. Mit mehr als 50 Jahren im Dienste der B\u00fcrger Ibizas und Formenteras lag unser Hauptinteresse stets auf der Anwendung modernster Technologien zusammen mit einem hervorragenden medizinischen Personal und einer herzlichen und pers\u00f6nlichen Behandlung jedes Patienten. Wir halten uns an Verfahren zur Sicherheit und [&hellip;]<\/p>\n","protected":false},"author":1,"featured_media":0,"parent":0,"menu_order":0,"comment_status":"closed","ping_status":"closed","template":"","meta":{"site-sidebar-layout":"no-sidebar","site-content-layout":"page-builder","ast-site-content-layout":"default","site-content-style":"default","site-sidebar-style":"default","ast-global-header-display":"","ast-banner-title-visibility":"","ast-main-header-display":"","ast-hfb-above-header-display":"","ast-hfb-below-header-display":"","ast-hfb-mobile-header-display":"","site-post-title":"disabled","ast-breadcrumbs-content":"","ast-featured-img":"disabled","footer-sml-layout":"","ast-disable-related-posts":"","theme-transparent-header-meta":"","adv-header-id-meta":"","stick-header-meta":"","header-above-stick-meta":"","header-main-stick-meta":"","header-below-stick-meta":"","astra-migrate-meta-layouts":"default","ast-page-background-enabled":"default","ast-page-background-meta":{"desktop":{"background-color":"var(--ast-global-color-4)","background-image":"","background-repeat":"repeat","background-position":"center center","background-size":"auto","background-attachment":"scroll","background-type":"","background-media":"","overlay-type":"","overlay-color":"","overlay-opacity":"","overlay-gradient":""},"tablet":{"background-color":"","background-image":"","background-repeat":"repeat","background-position":"center center","background-size":"auto","background-attachment":"scroll","background-type":"","background-media":"","overlay-type":"","overlay-color":"","overlay-opacity":"","overlay-gradient":""},"mobile":{"background-color":"","background-image":"","background-repeat":"repeat","background-position":"center center","background-size":"auto","background-attachment":"scroll","background-type":"","background-media":"","overlay-type":"","overlay-color":"","overlay-opacity":"","overlay-gradient":""}},"ast-content-background-meta":{"desktop":{"background-color":"var(--ast-global-color-5)","background-image":"","background-repeat":"repeat","background-position":"center center","background-size":"auto","background-attachment":"scroll","background-type":"","background-media":"","overlay-type":"","overlay-color":"","overlay-opacity":"","overlay-gradient":""},"tablet":{"background-color":"var(--ast-global-color-5)","background-image":"","background-repeat":"repeat","background-position":"center center","background-size":"auto","background-attachment":"scroll","background-type":"","background-media":"","overlay-type":"","overlay-color":"","overlay-opacity":"","overlay-gradient":""},"mobile":{"background-color":"var(--ast-global-color-5)","background-image":"","background-repeat":"repeat","background-position":"center center","background-size":"auto","background-attachment":"scroll","background-type":"","background-media":"","overlay-type":"","overlay-color":"","overlay-opacity":"","overlay-gradient":""}},"footnotes":""},"class_list":["post-1023","page","type-page","status-publish","hentry"],"_links":{"self":[{"href":"https:\/\/clinicavilaparc.es\/de\/wp-json\/wp\/v2\/pages\/1023","targetHints":{"allow":["GET"]}}],"collection":[{"href":"https:\/\/clinicavilaparc.es\/de\/wp-json\/wp\/v2\/pages"}],"about":[{"href":"https:\/\/clinicavilaparc.es\/de\/wp-json\/wp\/v2\/types\/page"}],"author":[{"embeddable":true,"href":"https:\/\/clinicavilaparc.es\/de\/wp-json\/wp\/v2\/users\/1"}],"replies":[{"embeddable":true,"href":"https:\/\/clinicavilaparc.es\/de\/wp-json\/wp\/v2\/comments?post=1023"}],"version-history":[{"count":0,"href":"https:\/\/clinicavilaparc.es\/de\/wp-json\/wp\/v2\/pages\/1023\/revisions"}],"wp:attachment":[{"href":"https:\/\/clinicavilaparc.es\/de\/wp-json\/wp\/v2\/media?parent=1023"}],"curies":[{"name":"wp","href":"https:\/\/api.w.org\/{rel}","templated":true}]}}