{"id":6759,"date":"2024-10-03T07:45:55","date_gmt":"2024-10-03T05:45:55","guid":{"rendered":"https:\/\/clinicavilaparc.es\/radiologia\/"},"modified":"2024-12-04T10:01:54","modified_gmt":"2024-12-04T09:01:54","slug":"radiologia","status":"publish","type":"page","link":"https:\/\/clinicavilaparc.es\/ca\/radiologia\/","title":{"rendered":"Radiologia"},"content":{"rendered":"\t\t<div data-elementor-type=\"wp-page\" data-elementor-id=\"6759\" class=\"elementor elementor-6759 elementor-6722\" data-elementor-post-type=\"page\">\n\t\t\t\t\t\t<section class=\"elementor-section elementor-top-section elementor-element elementor-element-a51b578 elementor-section-boxed elementor-section-height-default elementor-section-height-default\" data-id=\"a51b578\" data-element_type=\"section\" data-e-type=\"section\" data-settings=\"{&quot;background_background&quot;:&quot;classic&quot;}\">\n\t\t\t\t\t\t\t<div class=\"elementor-background-overlay\"><\/div>\n\t\t\t\t\t\t\t<div class=\"elementor-container elementor-column-gap-default\">\n\t\t\t\t\t<div class=\"elementor-column elementor-col-100 elementor-top-column elementor-element elementor-element-3bc6c18\" data-id=\"3bc6c18\" data-element_type=\"column\" data-e-type=\"column\">\n\t\t\t<div class=\"elementor-widget-wrap elementor-element-populated\">\n\t\t\t\t\t\t<div class=\"elementor-element elementor-element-3078915 elementor-widget elementor-widget-heading\" data-id=\"3078915\" data-element_type=\"widget\" data-e-type=\"widget\" data-widget_type=\"heading.default\">\n\t\t\t\t<div class=\"elementor-widget-container\">\n\t\t\t\t\t<h1 class=\"elementor-heading-title elementor-size-xxl\">Radiologia<\/h1>\t\t\t\t<\/div>\n\t\t\t\t<\/div>\n\t\t\t\t<div class=\"elementor-element elementor-element-dcc075a elementor-widget-divider--view-line elementor-invisible elementor-widget elementor-widget-divider\" data-id=\"dcc075a\" data-element_type=\"widget\" data-e-type=\"widget\" data-settings=\"{&quot;_animation&quot;:&quot;bounceInUp&quot;}\" data-widget_type=\"divider.default\">\n\t\t\t\t<div class=\"elementor-widget-container\">\n\t\t\t\t\t\t\t<div class=\"elementor-divider\">\n\t\t\t<span class=\"elementor-divider-separator\">\n\t\t\t\t\t\t<\/span>\n\t\t<\/div>\n\t\t\t\t\t\t<\/div>\n\t\t\t\t<\/div>\n\t\t\t\t\t<\/div>\n\t\t<\/div>\n\t\t\t\t\t<\/div>\n\t\t<\/section>\n\t\t\t\t<section class=\"elementor-section elementor-top-section elementor-element elementor-element-4ca7dc7 elementor-section-boxed elementor-section-height-default elementor-section-height-default\" data-id=\"4ca7dc7\" data-element_type=\"section\" data-e-type=\"section\">\n\t\t\t\t\t\t<div class=\"elementor-container elementor-column-gap-default\">\n\t\t\t\t\t<div class=\"elementor-column elementor-col-100 elementor-top-column elementor-element elementor-element-b47f18a\" data-id=\"b47f18a\" data-element_type=\"column\" data-e-type=\"column\">\n\t\t\t<div class=\"elementor-widget-wrap elementor-element-populated\">\n\t\t\t\t\t\t<div class=\"elementor-element elementor-element-ba299a8 elementor-widget elementor-widget-text-editor\" data-id=\"ba299a8\" data-element_type=\"widget\" data-e-type=\"widget\" data-widget_type=\"text-editor.default\">\n\t\t\t\t<div class=\"elementor-widget-container\">\n\t\t\t\t\t\t\t\t\t<p>La Unitat de Radiologia est\u00e0 ubicada al centre Vila Parc Sa Colomina (Carrer M\u00farcia, 25, Eivissa).<\/p>\n<p>Podreu trobar les proves diagn\u00f2stiques seg\u00fcents:<\/p>\n<ul>\n<li><strong>Tomos\u00edntesi de mama o mamografia 3D. <\/strong>Permet diagnosticar preco\u00e7ment el c\u00e0ncer de mama. A difer\u00e8ncia de la mamografia convencional (2D), que produeix una sola imatge bidimensional de la mama, la tomos\u00edntesi genera m\u00faltiples imatges en &#8220;talls&#8221; fins de la mama, cosa que permet obtenir una imatge tridimensional (3D) d&#8217;alta resoluci\u00f3. La tomos\u00edntesi de mama millora la detecci\u00f3 de lesions petites i t\u00e9 m\u00e9s precisi\u00f3 en dones amb teixit mamari dens. Aquesta eina diagn\u00f2stica pot augmentar les probabilitats d&#8217;un tractament amb \u00e8xit gr\u00e0cies a la seva efic\u00e0cia.<\/li>\n<li><strong>El mateix equip incorpora l&#8217;estereotaxia\/tomobi\u00f2psia,<\/strong> utilitzada per realitzar bi\u00f2psies o procediments guiats al teixit mamari amb una alta precisi\u00f3. S&#8217;empra principalment quan s&#8217;ha identificat una anomalia sospitosa a la mamografia que no es pot palpar o veure f\u00e0cilment en altres imatges. La tomobi\u00f2psia t\u00e9 avantatges com l&#8217;alta precisi\u00f3, \u00e9s menys invasiva que altres procediments i ofereix m\u00e9s seguretat, minimitzant el risc de complicacions.<\/li>\n<li><strong>Ortopantomografia, <\/strong>tamb\u00e9 coneguda com a radiografia panor\u00e0mica o panor\u00e0mica dental, \u00e9s un tipus de radiografia utilitzada principalment en odontologia i en cirurgia maxil\u00b7lofacial per obtenir una imatge completa de les estructures dentals i maxil\u00b7lofacials. Aquesta t\u00e8cnica permet visualitzar en una sola imatge tots dos maxil\u00b7lars (superior i inferior), les dents, les mand\u00edbules, l&#8217;articulaci\u00f3 temporomandibular (ATM) i els sins maxil\u00b7lars.<\/li>\n<li><strong>Densitometria \u00f2ssia. <\/strong>\u00c9s una eina molt efica\u00e7 per al control de la salut \u00f2ssia. Prova diagn\u00f2stica que es fa servir per mesurar la densitat mineral \u00f2ssia (DMO). \u00c9s el m\u00e8tode principal per diagnosticar osteoporosi i avaluar el risc de fractures \u00f2ssies. Aquesta prova est\u00e0 especialment indicada per a dones postmenop\u00e0usiques, especialment aquelles m\u00e9s grans de 65 anys, homes m\u00e9s grans de 70 anys i persones amb factors de risc d&#8217;osteoporosi, com antecedents familiars, fractures pr\u00e8vies, tractaments prolongats amb corticoides o condicions m\u00e8diques que afectin la salut \u00f2ssia.<\/li>\n<li><strong>Radiologia amb telecomandament. <\/strong>Aquest sistema proporciona als t\u00e8cnics radiol\u00f2gics i m\u00e8dics la capacitat de manejar les m\u00e0quines des d&#8217;una sala separada, fora de l&#8217;\u00e0rea d&#8217;exposici\u00f3 a la radiaci\u00f3, per protegir la salut, mentre monitoren el pacient i el procediment en temps real. Aquesta tecnologia \u00e9s utilitzada per a exploracions de l&#8217;aparell digestiu (es\u00f2fag, est\u00f3mac, intest\u00ed&#8230;), ginecol\u00f2gic, urol\u00f2gic, osteoarticular, etc.<\/li>\n<\/ul>\n\t\t\t\t\t\t\t\t<\/div>\n\t\t\t\t<\/div>\n\t\t\t\t\t<\/div>\n\t\t<\/div>\n\t\t\t\t\t<\/div>\n\t\t<\/section>\n\t\t\t\t<section class=\"elementor-section elementor-top-section elementor-element elementor-element-9027e45 elementor-section-boxed elementor-section-height-default elementor-section-height-default\" data-id=\"9027e45\" data-element_type=\"section\" data-e-type=\"section\">\n\t\t\t\t\t\t<div class=\"elementor-container elementor-column-gap-default\">\n\t\t\t\t\t<div class=\"elementor-column elementor-col-100 elementor-top-column elementor-element elementor-element-3d01068\" data-id=\"3d01068\" data-element_type=\"column\" data-e-type=\"column\">\n\t\t\t<div class=\"elementor-widget-wrap elementor-element-populated\">\n\t\t\t\t\t\t<div class=\"elementor-element elementor-element-888ce24 elementor-widget elementor-widget-gallery\" data-id=\"888ce24\" data-element_type=\"widget\" data-e-type=\"widget\" data-settings=\"{&quot;columns&quot;:3,&quot;overlay_title&quot;:&quot;caption&quot;,&quot;lazyload&quot;:&quot;yes&quot;,&quot;gallery_layout&quot;:&quot;grid&quot;,&quot;columns_tablet&quot;:2,&quot;columns_mobile&quot;:1,&quot;gap&quot;:{&quot;unit&quot;:&quot;px&quot;,&quot;size&quot;:10,&quot;sizes&quot;:[]},&quot;gap_tablet&quot;:{&quot;unit&quot;:&quot;px&quot;,&quot;size&quot;:10,&quot;sizes&quot;:[]},&quot;gap_mobile&quot;:{&quot;unit&quot;:&quot;px&quot;,&quot;size&quot;:10,&quot;sizes&quot;:[]},&quot;link_to&quot;:&quot;file&quot;,&quot;aspect_ratio&quot;:&quot;3:2&quot;,&quot;overlay_background&quot;:&quot;yes&quot;,&quot;content_hover_animation&quot;:&quot;fade-in&quot;}\" data-widget_type=\"gallery.default\">\n\t\t\t\t<div class=\"elementor-widget-container\">\n\t\t\t\t\t\t\t<div class=\"elementor-gallery__container\">\n\t\t\t\t\t\t\t<a class=\"e-gallery-item elementor-gallery-item elementor-animated-content\" href=\"https:\/\/clinicavilaparc.es\/wp-content\/uploads\/2024\/10\/radiologia3.jpg\" data-elementor-open-lightbox=\"yes\" data-elementor-lightbox-slideshow=\"888ce24\" data-elementor-lightbox-title=\"radiologia3\" data-e-action-hash=\"#elementor-action%3Aaction%3Dlightbox%26settings%3DeyJpZCI6NjczMywidXJsIjoiaHR0cHM6XC9cL2NsaW5pY2F2aWxhcGFyYy5lc1wvd3AtY29udGVudFwvdXBsb2Fkc1wvMjAyNFwvMTBcL3JhZGlvbG9naWEzLmpwZyIsInNsaWRlc2hvdyI6Ijg4OGNlMjQifQ%3D%3D\">\n\t\t\t\t\t<div class=\"e-gallery-image elementor-gallery-item__image\" data-thumbnail=\"https:\/\/clinicavilaparc.es\/wp-content\/uploads\/2024\/10\/radiologia3-768x512.jpg\" data-width=\"768\" data-height=\"512\" aria-label=\"\" role=\"img\" ><\/div>\n\t\t\t\t\t\t\t\t\t\t\t<div class=\"elementor-gallery-item__overlay\"><\/div>\n\t\t\t\t\t\t\t\t\t\t\t\t\t\t\t<div class=\"elementor-gallery-item__content\">\n\t\t\t\t\t\t\t\t\t\t\t<\/div>\n\t\t\t\t\t\t\t\t\t<\/a>\n\t\t\t\t\t\t\t<a class=\"e-gallery-item elementor-gallery-item elementor-animated-content\" href=\"https:\/\/clinicavilaparc.es\/wp-content\/uploads\/2024\/10\/radiologia4.jpg\" data-elementor-open-lightbox=\"yes\" data-elementor-lightbox-slideshow=\"888ce24\" data-elementor-lightbox-title=\"radiologia4\" data-e-action-hash=\"#elementor-action%3Aaction%3Dlightbox%26settings%3DeyJpZCI6NjczNywidXJsIjoiaHR0cHM6XC9cL2NsaW5pY2F2aWxhcGFyYy5lc1wvd3AtY29udGVudFwvdXBsb2Fkc1wvMjAyNFwvMTBcL3JhZGlvbG9naWE0LmpwZyIsInNsaWRlc2hvdyI6Ijg4OGNlMjQifQ%3D%3D\">\n\t\t\t\t\t<div class=\"e-gallery-image elementor-gallery-item__image\" data-thumbnail=\"https:\/\/clinicavilaparc.es\/wp-content\/uploads\/2024\/10\/radiologia4-768x1082.jpg\" data-width=\"768\" data-height=\"1082\" aria-label=\"\" role=\"img\" ><\/div>\n\t\t\t\t\t\t\t\t\t\t\t<div class=\"elementor-gallery-item__overlay\"><\/div>\n\t\t\t\t\t\t\t\t\t\t\t\t\t\t\t<div class=\"elementor-gallery-item__content\">\n\t\t\t\t\t\t\t\t\t\t\t<\/div>\n\t\t\t\t\t\t\t\t\t<\/a>\n\t\t\t\t\t\t\t<a class=\"e-gallery-item elementor-gallery-item elementor-animated-content\" href=\"https:\/\/clinicavilaparc.es\/wp-content\/uploads\/2024\/10\/radiologia1.jpg\" data-elementor-open-lightbox=\"yes\" data-elementor-lightbox-slideshow=\"888ce24\" data-elementor-lightbox-title=\"radiologia1\" data-e-action-hash=\"#elementor-action%3Aaction%3Dlightbox%26settings%3DeyJpZCI6NjcyNSwidXJsIjoiaHR0cHM6XC9cL2NsaW5pY2F2aWxhcGFyYy5lc1wvd3AtY29udGVudFwvdXBsb2Fkc1wvMjAyNFwvMTBcL3JhZGlvbG9naWExLmpwZyIsInNsaWRlc2hvdyI6Ijg4OGNlMjQifQ%3D%3D\">\n\t\t\t\t\t<div class=\"e-gallery-image elementor-gallery-item__image\" data-thumbnail=\"https:\/\/clinicavilaparc.es\/wp-content\/uploads\/2024\/10\/radiologia1-768x483.jpg\" data-width=\"768\" data-height=\"483\" aria-label=\"\" role=\"img\" ><\/div>\n\t\t\t\t\t\t\t\t\t\t\t<div class=\"elementor-gallery-item__overlay\"><\/div>\n\t\t\t\t\t\t\t\t\t\t\t\t\t\t\t<div class=\"elementor-gallery-item__content\">\n\t\t\t\t\t\t\t\t\t\t\t<\/div>\n\t\t\t\t\t\t\t\t\t<\/a>\n\t\t\t\t\t\t\t<a class=\"e-gallery-item elementor-gallery-item elementor-animated-content\" href=\"https:\/\/clinicavilaparc.es\/wp-content\/uploads\/2024\/10\/radiologia2.jpg\" data-elementor-open-lightbox=\"yes\" data-elementor-lightbox-slideshow=\"888ce24\" data-elementor-lightbox-title=\"radiologia2\" data-e-action-hash=\"#elementor-action%3Aaction%3Dlightbox%26settings%3DeyJpZCI6NjcyOSwidXJsIjoiaHR0cHM6XC9cL2NsaW5pY2F2aWxhcGFyYy5lc1wvd3AtY29udGVudFwvdXBsb2Fkc1wvMjAyNFwvMTBcL3JhZGlvbG9naWEyLmpwZyIsInNsaWRlc2hvdyI6Ijg4OGNlMjQifQ%3D%3D\">\n\t\t\t\t\t<div class=\"e-gallery-image elementor-gallery-item__image\" data-thumbnail=\"https:\/\/clinicavilaparc.es\/wp-content\/uploads\/2024\/10\/radiologia2-768x505.jpg\" data-width=\"768\" data-height=\"505\" aria-label=\"\" role=\"img\" ><\/div>\n\t\t\t\t\t\t\t\t\t\t\t<div class=\"elementor-gallery-item__overlay\"><\/div>\n\t\t\t\t\t\t\t\t\t\t\t\t\t\t\t<div class=\"elementor-gallery-item__content\">\n\t\t\t\t\t\t\t\t\t\t\t<\/div>\n\t\t\t\t\t\t\t\t\t<\/a>\n\t\t\t\t\t<\/div>\n\t\t\t\t\t<\/div>\n\t\t\t\t<\/div>\n\t\t\t\t\t<\/div>\n\t\t<\/div>\n\t\t\t\t\t<\/div>\n\t\t<\/section>\n\t\t\t\t<section class=\"elementor-section elementor-top-section elementor-element elementor-element-8de2534 elementor-section-boxed elementor-section-height-default elementor-section-height-default\" data-id=\"8de2534\" data-element_type=\"section\" data-e-type=\"section\">\n\t\t\t\t\t\t<div class=\"elementor-container elementor-column-gap-default\">\n\t\t\t\t\t<div class=\"elementor-column elementor-col-100 elementor-top-column elementor-element elementor-element-21295b6\" data-id=\"21295b6\" data-element_type=\"column\" data-e-type=\"column\">\n\t\t\t<div class=\"elementor-widget-wrap elementor-element-populated\">\n\t\t\t\t\t\t<div class=\"elementor-element elementor-element-80bd508 elementor-widget elementor-widget-global elementor-global-6930 elementor-widget-heading\" data-id=\"80bd508\" data-element_type=\"widget\" data-e-type=\"widget\" data-widget_type=\"heading.default\">\n\t\t\t\t<div class=\"elementor-widget-container\">\n\t\t\t\t\t<h2 class=\"elementor-heading-title elementor-size-default\">Tambi\u00e9n le puede interesar<\/h2>\t\t\t\t<\/div>\n\t\t\t\t<\/div>\n\t\t\t\t<div class=\"elementor-element elementor-element-fe8994c elementor-posts--thumbnail-none elementor-posts--align-center elementor-grid-3 elementor-grid-tablet-2 elementor-grid-mobile-1 elementor-widget elementor-widget-global elementor-global-6854 elementor-widget-posts\" data-id=\"fe8994c\" data-element_type=\"widget\" data-e-type=\"widget\" data-settings=\"{&quot;classic_row_gap&quot;:{&quot;unit&quot;:&quot;em&quot;,&quot;size&quot;:1.899999999999999911182158029987476766109466552734375,&quot;sizes&quot;:[]},&quot;classic_row_gap_tablet&quot;:{&quot;unit&quot;:&quot;em&quot;,&quot;size&quot;:&quot;&quot;,&quot;sizes&quot;:[]},&quot;classic_row_gap_mobile&quot;:{&quot;unit&quot;:&quot;em&quot;,&quot;size&quot;:&quot;&quot;,&quot;sizes&quot;:[]},&quot;classic_columns&quot;:&quot;3&quot;,&quot;classic_columns_tablet&quot;:&quot;2&quot;,&quot;classic_columns_mobile&quot;:&quot;1&quot;}\" data-widget_type=\"posts.classic\">\n\t\t\t\t<div class=\"elementor-widget-container\">\n\t\t\t\t\t\t\t<div class=\"elementor-posts-container elementor-posts elementor-posts--skin-classic elementor-grid\" role=\"list\">\n\t\t\t\t<article class=\"elementor-post elementor-grid-item post-7842 page type-page status-publish has-post-thumbnail hentry\" role=\"listitem\">\n\t\t\t\t<div class=\"elementor-post__text\">\n\t\t\t\t<h2 class=\"elementor-post__title\">\n\t\t\t<a href=\"https:\/\/clinicavilaparc.es\/ca\/cirugia-de-cara-i-de-coll\/\" >\n\t\t\t\tCIRURGIA DE CARA I DE COLL\t\t\t<\/a>\n\t\t<\/h2>\n\t\t\t\t<\/div>\n\t\t\t\t<\/article>\n\t\t\t\t<article class=\"elementor-post elementor-grid-item post-7888 page type-page status-publish has-post-thumbnail hentry\" role=\"listitem\">\n\t\t\t\t<div class=\"elementor-post__text\">\n\t\t\t\t<h2 class=\"elementor-post__title\">\n\t\t\t<a href=\"https:\/\/clinicavilaparc.es\/ca\/cirugia-estetica-plastica-eivissa\/\" >\n\t\t\t\tPl\u00e0stica\t\t\t<\/a>\n\t\t<\/h2>\n\t\t\t\t<\/div>\n\t\t\t\t<\/article>\n\t\t\t\t<article class=\"elementor-post elementor-grid-item post-7975 page type-page status-publish hentry\" role=\"listitem\">\n\t\t\t\t<div class=\"elementor-post__text\">\n\t\t\t\t<h2 class=\"elementor-post__title\">\n\t\t\t<a href=\"https:\/\/clinicavilaparc.es\/ca\/medicina-estetica-eivissa\/\" >\n\t\t\t\tMedicina Est\u00e8tica a Eivissa\t\t\t<\/a>\n\t\t<\/h2>\n\t\t\t\t<\/div>\n\t\t\t\t<\/article>\n\t\t\t\t<\/div>\n\t\t\n\t\t\t\t\t\t<\/div>\n\t\t\t\t<\/div>\n\t\t\t\t\t<\/div>\n\t\t<\/div>\n\t\t\t\t\t<\/div>\n\t\t<\/section>\n\t\t\t\t<\/div>\n\t\t","protected":false},"excerpt":{"rendered":"<p>La Unitat de Radiologia est\u00e0 ubicada al centre Vila Parc Sa Colomina (Carrer M\u00farcia, 25, Eivissa). Podreu trobar les proves diagn\u00f2stiques seg\u00fcents: Tomos\u00edntesi de mama<\/p>\n","protected":false},"author":1,"featured_media":0,"parent":0,"menu_order":0,"comment_status":"closed","ping_status":"closed","template":"","meta":{"site-sidebar-layout":"no-sidebar","site-content-layout":"page-builder","ast-site-content-layout":"full-width-container","site-content-style":"default","site-sidebar-style":"default","ast-global-header-display":"","ast-banner-title-visibility":"","ast-main-header-display":"","ast-hfb-above-header-display":"","ast-hfb-below-header-display":"","ast-hfb-mobile-header-display":"","site-post-title":"disabled","ast-breadcrumbs-content":"","ast-featured-img":"disabled","footer-sml-layout":"","ast-disable-related-posts":"","theme-transparent-header-meta":"","adv-header-id-meta":"","stick-header-meta":"","header-above-stick-meta":"","header-main-stick-meta":"","header-below-stick-meta":"","astra-migrate-meta-layouts":"default","ast-page-background-enabled":"default","ast-page-background-meta":{"desktop":{"background-color":"var(--ast-global-color-4)","background-image":"","background-repeat":"repeat","background-position":"center center","background-size":"auto","background-attachment":"scroll","background-type":"","background-media":"","overlay-type":"","overlay-color":"","overlay-opacity":"","overlay-gradient":""},"tablet":{"background-color":"","background-image":"","background-repeat":"repeat","background-position":"center center","background-size":"auto","background-attachment":"scroll","background-type":"","background-media":"","overlay-type":"","overlay-color":"","overlay-opacity":"","overlay-gradient":""},"mobile":{"background-color":"","background-image":"","background-repeat":"repeat","background-position":"center center","background-size":"auto","background-attachment":"scroll","background-type":"","background-media":"","overlay-type":"","overlay-color":"","overlay-opacity":"","overlay-gradient":""}},"ast-content-background-meta":{"desktop":{"background-color":"var(--ast-global-color-5)","background-image":"","background-repeat":"repeat","background-position":"center center","background-size":"auto","background-attachment":"scroll","background-type":"","background-media":"","overlay-type":"","overlay-color":"","overlay-opacity":"","overlay-gradient":""},"tablet":{"background-color":"var(--ast-global-color-5)","background-image":"","background-repeat":"repeat","background-position":"center center","background-size":"auto","background-attachment":"scroll","background-type":"","background-media":"","overlay-type":"","overlay-color":"","overlay-opacity":"","overlay-gradient":""},"mobile":{"background-color":"var(--ast-global-color-5)","background-image":"","background-repeat":"repeat","background-position":"center center","background-size":"auto","background-attachment":"scroll","background-type":"","background-media":"","overlay-type":"","overlay-color":"","overlay-opacity":"","overlay-gradient":""}},"footnotes":""},"class_list":["post-6759","page","type-page","status-publish","hentry"],"_links":{"self":[{"href":"https:\/\/clinicavilaparc.es\/ca\/wp-json\/wp\/v2\/pages\/6759","targetHints":{"allow":["GET"]}}],"collection":[{"href":"https:\/\/clinicavilaparc.es\/ca\/wp-json\/wp\/v2\/pages"}],"about":[{"href":"https:\/\/clinicavilaparc.es\/ca\/wp-json\/wp\/v2\/types\/page"}],"author":[{"embeddable":true,"href":"https:\/\/clinicavilaparc.es\/ca\/wp-json\/wp\/v2\/users\/1"}],"replies":[{"embeddable":true,"href":"https:\/\/clinicavilaparc.es\/ca\/wp-json\/wp\/v2\/comments?post=6759"}],"version-history":[{"count":0,"href":"https:\/\/clinicavilaparc.es\/ca\/wp-json\/wp\/v2\/pages\/6759\/revisions"}],"wp:attachment":[{"href":"https:\/\/clinicavilaparc.es\/ca\/wp-json\/wp\/v2\/media?parent=6759"}],"curies":[{"name":"wp","href":"https:\/\/api.w.org\/{rel}","templated":true}]}}