{"id":1262,"date":"2022-07-18T08:06:12","date_gmt":"2022-07-18T06:06:12","guid":{"rendered":"https:\/\/clinicavilaparc.es\/politica-de-cookies\/"},"modified":"2024-12-04T14:05:21","modified_gmt":"2024-12-04T13:05:21","slug":"politica-de-cookies","status":"publish","type":"page","link":"https:\/\/clinicavilaparc.es\/ca\/politica-de-cookies\/","title":{"rendered":"Pol\u00edtica de cookies"},"content":{"rendered":"\t\t<div data-elementor-type=\"wp-page\" data-elementor-id=\"1262\" class=\"elementor elementor-1262 elementor-1234\" data-elementor-post-type=\"page\">\n\t\t\t\t\t\t<section class=\"elementor-section elementor-top-section elementor-element elementor-element-13c1d97 elementor-section-boxed elementor-section-height-default elementor-section-height-default\" data-id=\"13c1d97\" data-element_type=\"section\" data-e-type=\"section\" data-settings=\"{&quot;background_background&quot;:&quot;classic&quot;}\">\n\t\t\t\t\t\t\t<div class=\"elementor-background-overlay\"><\/div>\n\t\t\t\t\t\t\t<div class=\"elementor-container elementor-column-gap-default\">\n\t\t\t\t\t<div class=\"elementor-column elementor-col-100 elementor-top-column elementor-element elementor-element-8b6be6d\" data-id=\"8b6be6d\" data-element_type=\"column\" data-e-type=\"column\">\n\t\t\t<div class=\"elementor-widget-wrap elementor-element-populated\">\n\t\t\t\t\t\t<div class=\"elementor-element elementor-element-161b171 elementor-widget elementor-widget-heading\" data-id=\"161b171\" data-element_type=\"widget\" data-e-type=\"widget\" data-widget_type=\"heading.default\">\n\t\t\t\t<div class=\"elementor-widget-container\">\n\t\t\t\t\t<h1 class=\"elementor-heading-title elementor-size-xxl\">Pol\u00edtica de cookies<\/h1>\t\t\t\t<\/div>\n\t\t\t\t<\/div>\n\t\t\t\t<div class=\"elementor-element elementor-element-2ddd456 elementor-widget-divider--view-line elementor-invisible elementor-widget elementor-widget-divider\" data-id=\"2ddd456\" data-element_type=\"widget\" data-e-type=\"widget\" data-settings=\"{&quot;_animation&quot;:&quot;bounceInUp&quot;}\" data-widget_type=\"divider.default\">\n\t\t\t\t<div class=\"elementor-widget-container\">\n\t\t\t\t\t\t\t<div class=\"elementor-divider\">\n\t\t\t<span class=\"elementor-divider-separator\">\n\t\t\t\t\t\t<\/span>\n\t\t<\/div>\n\t\t\t\t\t\t<\/div>\n\t\t\t\t<\/div>\n\t\t\t\t\t<\/div>\n\t\t<\/div>\n\t\t\t\t\t<\/div>\n\t\t<\/section>\n\t\t\t\t<section class=\"elementor-section elementor-top-section elementor-element elementor-element-587ea41 elementor-section-boxed elementor-section-height-default elementor-section-height-default\" data-id=\"587ea41\" data-element_type=\"section\" data-e-type=\"section\">\n\t\t\t\t\t\t<div class=\"elementor-container elementor-column-gap-default\">\n\t\t\t\t\t<div class=\"elementor-column elementor-col-100 elementor-top-column elementor-element elementor-element-aff51b8\" data-id=\"aff51b8\" data-element_type=\"column\" data-e-type=\"column\">\n\t\t\t<div class=\"elementor-widget-wrap elementor-element-populated\">\n\t\t\t\t\t\t<div class=\"elementor-element elementor-element-5cce2f5 elementor-widget elementor-widget-text-editor\" data-id=\"5cce2f5\" data-element_type=\"widget\" data-e-type=\"widget\" data-widget_type=\"text-editor.default\">\n\t\t\t\t<div class=\"elementor-widget-container\">\n\t\t\t\t\t\t\t\t\t<p>Aquesta p\u00e0gina web <u>www.clinicavilaparc.es <\/u>utilitza galetes. Les galetes s\u00f3n petits arxius de text generats per les p\u00e0gines web que visitau, les quals contenen les dades de sessi\u00f3 que poden ser \u00fatils m\u00e9s endavant a la p\u00e0gina web. Les dades permeten que la p\u00e0gina web pugui mantenir la vostra informaci\u00f3 entre les p\u00e0gines, i tamb\u00e9 per analitzar la manera en qu\u00e8 interactuau amb el lloc.<\/p><p><u>www.clinicavilaparc.es <\/u>utilitza galetes generades i utilitzades per aquesta p\u00e0gina web i algunes s\u00f3n \u201cgaletes externes\u201d que tercers generen a la nostra p\u00e0gina web. Les galetes ens permeten recordar cada part de les vostres visites i adquisicions a mesura que avan\u00e7au a trav\u00e9s de la p\u00e0gina web, recordar les dades de client i mostrar el contingut adequat d\u2019acord amb els vostres h\u00e0bits de navegaci\u00f3, en funci\u00f3 de les opcions seleccionades. Tamb\u00e9 ens ajuden a entendre el comportament de l\u2019usuari dins de la nostra web, cosa que significa que podem millorar la vostra experi\u00e8ncia a trav\u00e9s de la web.<\/p><p>Les galetes nom\u00e9s poden emmagatzemar text, que en general sempre \u00e9s an\u00f2nim i xifrat. <u>www.clinicavilaparc.es <\/u>mai no emmagatzemar\u00e0 cap informaci\u00f3 personal a les galetes.<\/p><p>Les galetes s\u00f3n segures, ja que nom\u00e9s poden emmagatzemar la informaci\u00f3 que el navegador va posar al seu lloc, la qual cosa \u00e9s informaci\u00f3 que l\u2019usuari ha introdu\u00eft al navegador o la que s\u2019inclou a la sol\u00b7licitud de p\u00e0gina. No podeu executar el codi i no es poden utilitzar per accedir al vostre ordinador. Si una p\u00e0gina web encripta la informaci\u00f3 de les galetes, nom\u00e9s la p\u00e0gina web en pot llegir la informaci\u00f3.<\/p><p>Les galetes de sessi\u00f3 contenen informaci\u00f3 que s\u2019utilitza dins de la sessi\u00f3 actual del navegador. Aquestes galetes s\u2019esborren autom\u00e0ticament quan tancau el navegador. Res no es conserva al vostre equip m\u00e9s enll\u00e0 del temps que passau al lloc web.<\/p><p>Les galetes persistents s\u2019utilitzen per emmagatzemar la informaci\u00f3 que s\u2019utilitza entre les visites. Aquestes dades permeten als llocs web recon\u00e8ixer que sou un client habitual i reaccionar-hi en conseq\u00fc\u00e8ncia. Les galetes persistents tenen un valor indefinit en el temps.<\/p><p>Les galetes s\u00f3n utilitzades per la p\u00e0gina web per mantenir la sessi\u00f3 a mesura que avan\u00e7au a trav\u00e9s de la web i recullen informaci\u00f3 de les vostres adquisicions i h\u00e0bits de consum, una vegada iniciada sessi\u00f3. S\u2019utilitzen per mostrar els productes rellevants dins de les futures visites.<\/p><p>Amb Google i Adobe Web Analytics les galetes ens permeten fer un seguiment de la interacci\u00f3 del client dins de la p\u00e0gina web. Aix\u00f2 ens dona suggeriments que ens permeten millorar la p\u00e0gina web i els productes i els serveis que oferim i informaci\u00f3 sobre les vostres prefer\u00e8ncies. L\u2019aplicaci\u00f3 que utilitzam per obtenir la informaci\u00f3 \u00e9s GoogleAnalytics:<\/p><p><a href=\"http:\/\/www.google.com\/analytics\/\" target=\"_blank\" rel=\"noopener\">www.google.com\/analytics\/ <\/a>i <a href=\"http:\/\/www.google.es\/intl\/es\/analytics\/privacyoverview.html\" target=\"_blank\" rel=\"noopener\">http:\/\/www.google.es\/intl\/es\/analytics\/privacyoverview.html<\/a><\/p><p>Aquesta aplicaci\u00f3 ha estat desenvolupada per Google, que ens presta el servei d\u2019an\u00e0lisi de l\u2019audi\u00e8ncia de la nostra p\u00e0gina. Aquesta empresa pot utilitzar aquestes dades per millorar els seus propis serveis i oferir serveis a altres empreses. Podeu con\u00e8ixer aquests altres usos des dels enlla\u00e7os indicats. <u>Aquesta eina no obt\u00e9 dades dels noms o llinatges dels usuaris, ni de l\u2019adre\u00e7a postal des de la qual es connecten<\/u>. La informaci\u00f3 que obt\u00e9 est\u00e0 relacionada amb el nombre de p\u00e0gines visitades, la xarxa social on es publiquen les nostres not\u00edcies, la ciutat a la qual est\u00e0 assignada l\u2019adre\u00e7a IP des de la qual hi accedeixen els usuaris, el nombre d\u2019usuaris que ens visiten, la freq\u00fc\u00e8ncia i l\u2019assidu\u00eftat de les visites, el temps de visita, el navegador que usen, l\u2019operador o tipus de terminal des del qual es fa la visita.<\/p><p>Tamb\u00e9 treballam amb col\u00b7laboradors que creen les galetes de tercers que despr\u00e9s s\u00f3n utilitzades en altres llocs web per anunciar de manera adequada i pertinent sobre la base del vostre historial de navegaci\u00f3. Aquestes galetes no emmagatzemen informaci\u00f3 personal, nom\u00e9s permeten que altres llocs web identifiquin i es basen exclusivament en l\u2019historial de navegaci\u00f3.<\/p><p><u>Tots els navegadors d\u2019internet us permeten limitar el comportament d\u2019una galeta o desactivar les galetes dins de la configuraci\u00f3 o les opcions del navegador<\/u>. Els passos per fer-ho s\u00f3n diferents per a cada navegador; podeu trobar instruccions al men\u00fa d\u2019ajuda del vostre navegador.<\/p><p>A trav\u00e9s del vostre navegador, tamb\u00e9 podeu veure les galetes que hi ha al vostre ordinador i esborrar-les segons el que cregueu convenient. Les galetes s\u00f3n fitxers de text, els podeu obrir i llegir-ne el contingut. Les dades que contenen gaireb\u00e9 sempre estan xifrades amb una clau num\u00e8rica que correspon a una sessi\u00f3 a internet.<\/p><p>La desactivaci\u00f3 de les galetes tamb\u00e9 afectar\u00e0 el seguiment del vostre progr\u00e9s a trav\u00e9s del lloc, per\u00f2 no aturar\u00e0 el codi de Google Analytics des del reconeixement de la vostra visita.<\/p><p>Les galetes de la sessi\u00f3 d\u2019aquesta web inclouen les dades utilitzades pel maquinari del servidor web sobre quin \u00e9s el servidor que processa la sessi\u00f3, l\u2019estat d\u2019autenticaci\u00f3 (a la base de dades de clients de la botiga en l\u00ednia) i els detalls de les vostres compres.<\/p><p><u>Deure d\u2019informaci\u00f3: l\u2019apartat segon de l\u2019article 22 de l\u2019LSSI estableix que cal facilitar als usuaris informaci\u00f3 clara i completa sobre la utilitzaci\u00f3 dels dispositius d\u2019emmagatzematge i recuperaci\u00f3 de dades i, en particular, sobre els fins del tractament de les dades, d\u2019acord amb el que disposa la Llei org\u00e0nica 3\/2018, de 5 de desembre, de protecci\u00f3 de dades personals i garantia dels drets digitals, i el REGLAMENT (UE) 2016\/679 DEL PARLAMENT EUROPEU I DEL CONSELL, de 27 d\u2019abril de 2016, relatiu a la protecci\u00f3 de les persones f\u00edsiques pel que fa al tractament de dades personals i a la lliure circulaci\u00f3 d\u2019aquestes dades<\/u>.<\/p><p>Aix\u00ed, la informaci\u00f3 sobre les galetes facilitada en el moment de sol\u00b7licitar el consentiment ha de ser suficientment completa per permetre als usuaris entendre la finalitat per a les quals es van instal\u00b7lar i con\u00e8ixer els usos que se\u2019ls donaran.<\/p><p><u>En cas que un usuari presti el seu consentiment per a l\u2019\u00fas de galetes, la informaci\u00f3 sobre com revocar el consentiment i eliminar les galetes haur\u00e0 d\u2019estar a la seva disposici\u00f3 de manera accessible i permanent<\/u>.<\/p><p>Tots els navegadors d\u2019internet us permeten limitar el comportament d\u2019una galeta o desactivar les galetes dins de la configuraci\u00f3 o opcions del navegador. Els passos per fer-ho s\u00f3n diferents per a cada navegador; podeu trobar instruccions al men\u00fa d\u2019ajuda del vostre navegador.<\/p><p><strong>QU\u00c8 S\u00d3N LES GALETES?<\/strong><\/p><p>Amb l\u2019objectiu de garantir la vostra privadesa, us informam que a <u>www.clinicavilaparc.es <\/u>utilitzam galetes que ens permeten facilitar-vos l\u2019\u00fas i la navegaci\u00f3 a trav\u00e9s de la p\u00e0gina web i garantir l\u2019acc\u00e9s a determinades funcionalitats i, addicionalment, ens ajuden a millorar la qualitat de la p\u00e0gina d\u2019acord amb els h\u00e0bits i els estils de navegaci\u00f3 dels usuaris.<\/p><p>Una galeta \u00e9s un fitxer que es descarrega al terminal (ja sigui un ordinador, un tel\u00e8fon intel\u00b7ligent o tauleta) quan accediu a una p\u00e0gina web i que permet al titular d\u2019aquesta p\u00e0gina emmagatzemar o recuperar determinada informaci\u00f3 sobre m\u00faltiples variables, com el nombre de vegades que la p\u00e0gina ha estat visitada per l\u2019usuari, identificar l\u2019usuari registrat, garantir la sessi\u00f3 de l\u2019usuari mentre navega per la p\u00e0gina, permetre que es facin operacions de manera segura i estable, etc.<\/p><p>Com s\u2019ha indicat, les galetes ofereixen informaci\u00f3 sobre els h\u00e0bits de navegaci\u00f3 dels usuaris i, en conseq\u00fc\u00e8ncia, en poden afectar la privadesa. Per aquest motiu, volem oferir-vos la informaci\u00f3 necess\u00e0ria sobre la tipologia de galetes utilitzada a la nostra p\u00e0gina web, perqu\u00e8 tingueu plena capacitat de decisi\u00f3 en relaci\u00f3 amb l\u2019\u00fas de les galetes i en relaci\u00f3 amb la protecci\u00f3 de la vostra privadesa.<\/p><p>En aquest sentit, us informam que per poder utilitzar la totalitat de serveis i funcionalitats del web cal habilitar les galetes al navegador d\u2019Internet. Entre les tipologies de galetes indicades a continuaci\u00f3, el web utilitza galetes per tal de facilitar la navegaci\u00f3. En concret, per mitj\u00e0 d\u2019aquestes galetes, i sempre que l\u2019usuari hagi marcat l\u2019opci\u00f3 de \u201crecordar-me\u201d, es podr\u00e0 identificar l\u2019usuari registrat quan visiti la web, de manera que se\u2019n permetr\u00e0 l\u2019acc\u00e9s i l\u2019\u00fas a les \u00e0rees o seccions, serveis, funcionalitats i\/o promocions de la web establertes especialment per a aquest col\u00b7lectiu.<\/p><p><strong>TIPOLOGIA DE GALETES<\/strong><\/p><p>A continuaci\u00f3 us oferim informaci\u00f3 sobre el tipus de galetes utilitzades a <u>www.clinicavilaparc.es <\/u>i la finalitat de cada tipus:<\/p><p>&#8211;<strong>Galetes de sessi\u00f3<\/strong>: s\u00f3n un tipus de galetes dissenyades i utilitzades per demanar i emmagatzemar dades mentre l\u2019usuari accedeix a una p\u00e0gina web. Com el seu nom indica, aquestes galetes s\u2019emmagatzemen al terminal fins que finalitza la sessi\u00f3 de navegaci\u00f3 de l\u2019usuari.<\/p><p>&#8211;<strong>Galetes anal\u00edtiques<\/strong>: s\u00f3n un tipus de galetes dissenyades i utilitzades per al seguiment i l\u2019an\u00e0lisi del comportament dels usuaris. Aquest tipus de galetes ofereixen al titular de la p\u00e0gina el mesurament de l\u2019activitat al lloc web a trav\u00e9s d\u2019informaci\u00f3 agregada o de car\u00e0cter estad\u00edstic. A <u>www.clinicavilaparc.es <\/u>s\u2019utilitzen per a aquesta finalitat les galetes de Google Analytics que tenen diferents terminis de caducitat en funci\u00f3 de la informaci\u00f3 que ofereixen.<\/p><p>Aix\u00ed mateix, s\u2019utilitzen galetes anal\u00edtiques dissenyades per analitzar els comportaments de navegaci\u00f3 de l\u2019usuari i millorar-ne l\u2019experi\u00e8ncia dins del web. Aquest tipus de galeta no conserva les dades personals que l\u2019usuari pugui facilitar, \u00fanicament, mitjan\u00e7ant mapes de calor, s\u2019analitza i es monitoritza com s\u2019ha navegat per la web de la companyia, cosa que permet millorar el nostre lloc web i analitzar patrons de conducta.<\/p><p><strong>QUI UTILITZA LES GALETES?<\/strong><\/p><p>La informaci\u00f3 que es recull a trav\u00e9s de les galetes d\u2019una p\u00e0gina web pot ser utilitzada tant pel titular de la p\u00e0gina web com per un tercer que presti un servei al titular. En aquest sentit, la informaci\u00f3 de les galetes utilitzades a <u>www.clinicavilaparc.es <\/u>\u00e9s tractada per aquesta entitat com per tercers amb les finalitats indicades anteriorment.<\/p><p><strong>GESTI\u00d3 DE LES GALETES<\/strong><\/p><p>Tenint en compte la informaci\u00f3 facilitada a trav\u00e9s d\u2019aquesta Pol\u00edtica de galetes, a continuaci\u00f3 us oferim informaci\u00f3 sobre com podeu gestionar les galetes utilitzades a <u>www.clinicavilaparc.es <\/u>a trav\u00e9s de les diferents opcions que ofereixen els navegadors m\u00e9s comuns (Explorer, Firefox, Safari i Chrome).<\/p><p>Si impediu la instal\u00b7laci\u00f3 de totes les galetes de la p\u00e0gina web, algunes funcionalitats i alguns continguts de la web es poden veure afectats.<\/p><p><strong>COM VISUALITZAR LES GALETES<\/strong><\/p><p>Tots els navegadors ofereixen a l\u2019usuari la possibilitat de cercar i visualitzar les galetes que instal\u00b7la un determinat lloc web, obtenir informaci\u00f3 relativa a la durada de les galetes i la possibilitat d\u2019eliminar-les, tal com s\u2019indica a l\u2019apartat seg\u00fcent. Tot seguit, es mostren una s\u00e8rie d\u2019enlla\u00e7os informatius sobre aquesta q\u00fcesti\u00f3 dels navegadors m\u00e9s utilitzats:<\/p><p><strong>COM ELIMINAR LES GALETES<\/strong><\/p><p>Per restringir o bloquejar les galetes, heu de modificar la configuraci\u00f3 del navegador que utilitzeu al vostre terminal, ja sigui un ordinador, un tel\u00e8fon intel\u00b7ligent o una tauleta. Amb car\u00e0cter general els navegadors ofereixen les opcions de configuraci\u00f3 seg\u00fcents en relaci\u00f3 amb la instal\u00b7laci\u00f3 de galetes:<\/p><ul><li>Que el navegador rebutgi totes les galetes i, per tant, que no s\u2019instal\u00b7li cap galeta de cap p\u00e0gina web al terminal.<\/li><li>Que el navegador us avisi abans que s\u2019instal\u00b7li la galeta perqu\u00e8 decidiu si acceptau o no la instal\u00b7laci\u00f3 de la galeta.<\/li><li>Que el navegador nom\u00e9s rebutgi les galetes de tercers dels llocs web que visitau, per\u00f2 no les utilitzades pel lloc web on navegau.<\/li><li>L\u2019opci\u00f3 de navegaci\u00f3 en mode privat mitjan\u00e7ant la qual les galetes s\u2019instal\u00b7len al terminal, per\u00f2 s\u2019eliminen de manera autom\u00e0tica quan finalitzau la navegaci\u00f3 per la p\u00e0gina web.<\/li><\/ul>\t\t\t\t\t\t\t\t<\/div>\n\t\t\t\t<\/div>\n\t\t\t\t\t<\/div>\n\t\t<\/div>\n\t\t\t\t\t<\/div>\n\t\t<\/section>\n\t\t\t\t<\/div>\n\t\t","protected":false},"excerpt":{"rendered":"<p>Pol\u00edtica de cookies Aquesta p\u00e0gina web www.clinicavilaparc.es utilitza galetes. Les galetes s\u00f3n petits arxius de text generats per les p\u00e0gines web que visitau, les quals contenen les dades de sessi\u00f3 que poden ser \u00fatils m\u00e9s endavant a la p\u00e0gina web. Les dades permeten que la p\u00e0gina web pugui mantenir la vostra informaci\u00f3 entre les p\u00e0gines, [&hellip;]<\/p>\n","protected":false},"author":1,"featured_media":0,"parent":0,"menu_order":0,"comment_status":"closed","ping_status":"closed","template":"","meta":{"site-sidebar-layout":"no-sidebar","site-content-layout":"page-builder","ast-site-content-layout":"default","site-content-style":"default","site-sidebar-style":"default","ast-global-header-display":"","ast-banner-title-visibility":"","ast-main-header-display":"","ast-hfb-above-header-display":"","ast-hfb-below-header-display":"","ast-hfb-mobile-header-display":"","site-post-title":"disabled","ast-breadcrumbs-content":"","ast-featured-img":"disabled","footer-sml-layout":"","ast-disable-related-posts":"","theme-transparent-header-meta":"","adv-header-id-meta":"","stick-header-meta":"","header-above-stick-meta":"","header-main-stick-meta":"","header-below-stick-meta":"","astra-migrate-meta-layouts":"default","ast-page-background-enabled":"default","ast-page-background-meta":{"desktop":{"background-color":"var(--ast-global-color-4)","background-image":"","background-repeat":"repeat","background-position":"center center","background-size":"auto","background-attachment":"scroll","background-type":"","background-media":"","overlay-type":"","overlay-color":"","overlay-opacity":"","overlay-gradient":""},"tablet":{"background-color":"","background-image":"","background-repeat":"repeat","background-position":"center center","background-size":"auto","background-attachment":"scroll","background-type":"","background-media":"","overlay-type":"","overlay-color":"","overlay-opacity":"","overlay-gradient":""},"mobile":{"background-color":"","background-image":"","background-repeat":"repeat","background-position":"center center","background-size":"auto","background-attachment":"scroll","background-type":"","background-media":"","overlay-type":"","overlay-color":"","overlay-opacity":"","overlay-gradient":""}},"ast-content-background-meta":{"desktop":{"background-color":"var(--ast-global-color-5)","background-image":"","background-repeat":"repeat","background-position":"center center","background-size":"auto","background-attachment":"scroll","background-type":"","background-media":"","overlay-type":"","overlay-color":"","overlay-opacity":"","overlay-gradient":""},"tablet":{"background-color":"var(--ast-global-color-5)","background-image":"","background-repeat":"repeat","background-position":"center center","background-size":"auto","background-attachment":"scroll","background-type":"","background-media":"","overlay-type":"","overlay-color":"","overlay-opacity":"","overlay-gradient":""},"mobile":{"background-color":"var(--ast-global-color-5)","background-image":"","background-repeat":"repeat","background-position":"center center","background-size":"auto","background-attachment":"scroll","background-type":"","background-media":"","overlay-type":"","overlay-color":"","overlay-opacity":"","overlay-gradient":""}},"footnotes":""},"class_list":["post-1262","page","type-page","status-publish","hentry"],"_links":{"self":[{"href":"https:\/\/clinicavilaparc.es\/ca\/wp-json\/wp\/v2\/pages\/1262","targetHints":{"allow":["GET"]}}],"collection":[{"href":"https:\/\/clinicavilaparc.es\/ca\/wp-json\/wp\/v2\/pages"}],"about":[{"href":"https:\/\/clinicavilaparc.es\/ca\/wp-json\/wp\/v2\/types\/page"}],"author":[{"embeddable":true,"href":"https:\/\/clinicavilaparc.es\/ca\/wp-json\/wp\/v2\/users\/1"}],"replies":[{"embeddable":true,"href":"https:\/\/clinicavilaparc.es\/ca\/wp-json\/wp\/v2\/comments?post=1262"}],"version-history":[{"count":0,"href":"https:\/\/clinicavilaparc.es\/ca\/wp-json\/wp\/v2\/pages\/1262\/revisions"}],"wp:attachment":[{"href":"https:\/\/clinicavilaparc.es\/ca\/wp-json\/wp\/v2\/media?parent=1262"}],"curies":[{"name":"wp","href":"https:\/\/api.w.org\/{rel}","templated":true}]}}